{"id":89,"date":"2024-09-20T13:09:06","date_gmt":"2024-09-20T13:09:06","guid":{"rendered":"https:\/\/www.bleivevents.com\/?page_id=89"},"modified":"2024-10-10T05:16:55","modified_gmt":"2024-10-10T05:16:55","slug":"host","status":"publish","type":"page","link":"https:\/\/www.bleivevents.com\/fr\/host\/","title":{"rendered":"H\u00f4te"},"content":{"rendered":"<div data-elementor-type=\"wp-page\" data-elementor-id=\"89\" class=\"elementor elementor-89\" data-elementor-post-type=\"page\">\n\t\t\t\t<div class=\"elementor-element elementor-element-380c724a e-con-full e-flex e-con e-parent\" data-id=\"380c724a\" data-element_type=\"container\" data-e-type=\"container\" data-settings=\"{&quot;background_background&quot;:&quot;classic&quot;}\">\n\t\t<div class=\"elementor-element elementor-element-38e73f19 e-con-full e-flex e-con e-child\" data-id=\"38e73f19\" data-element_type=\"container\" data-e-type=\"container\">\n\t\t\t\t<div class=\"elementor-element elementor-element-631d445e elementor-widget-tablet__width-initial elementor-widget elementor-widget-image\" data-id=\"631d445e\" data-element_type=\"widget\" data-e-type=\"widget\" data-widget_type=\"image.default\">\n\t\t\t\t<div class=\"elementor-widget-container\">\n\t\t\t\t\t\t\t\t\t\t\t\t\t\t\t<img fetchpriority=\"high\" decoding=\"async\" width=\"1080\" height=\"1080\" src=\"https:\/\/www.bleivevents.com\/wp-content\/uploads\/2024\/10\/5.png\" class=\"attachment-full size-full wp-image-1410\" alt=\"\" srcset=\"https:\/\/www.bleivevents.com\/wp-content\/uploads\/2024\/10\/5.png 1080w, https:\/\/www.bleivevents.com\/wp-content\/uploads\/2024\/10\/5-300x300.png 300w, https:\/\/www.bleivevents.com\/wp-content\/uploads\/2024\/10\/5-1024x1024.png 1024w, https:\/\/www.bleivevents.com\/wp-content\/uploads\/2024\/10\/5-150x150.png 150w, https:\/\/www.bleivevents.com\/wp-content\/uploads\/2024\/10\/5-768x768.png 768w, https:\/\/www.bleivevents.com\/wp-content\/uploads\/2024\/10\/5-650x650.png 650w\" sizes=\"(max-width: 1080px) 100vw, 1080px\" \/>\t\t\t\t\t\t\t\t\t\t\t\t\t\t\t<\/div>\n\t\t\t\t<\/div>\n\t\t\t\t<\/div>\n\t\t<div class=\"elementor-element elementor-element-1a318f0e e-con-full e-flex e-con e-child\" data-id=\"1a318f0e\" data-element_type=\"container\" data-e-type=\"container\">\n\t\t\t\t<div class=\"elementor-element elementor-element-15cdbe16 elementor-widget elementor-widget-ucaddon_dual_color_heading\" data-id=\"15cdbe16\" data-element_type=\"widget\" data-e-type=\"widget\" data-widget_type=\"ucaddon_dual_color_heading.default\">\n\t\t\t\t<div class=\"elementor-widget-container\">\n\t\t\t\t\t\n<!-- start Dual Color Heading -->\n\n<div class=\"ue-dual-color-heading\">\n  <div>\n    <span class=\"ue-title-one\">Event <\/span> <span class=\"ue-title-two\">H\u00f4te<\/span>\n  <\/div>\n<\/div>\n<!-- end Dual Color Heading -->\t\t\t\t<\/div>\n\t\t\t\t<\/div>\n\t\t\t\t<\/div>\n\t\t\t\t<\/div>\n\t\t<div class=\"elementor-element elementor-element-70031032 e-flex e-con-boxed e-con e-parent\" data-id=\"70031032\" data-element_type=\"container\" data-e-type=\"container\">\n\t\t\t\t\t<div class=\"e-con-inner\">\n\t\t<div class=\"elementor-element elementor-element-4a274426 e-con-full e-flex e-con e-child\" data-id=\"4a274426\" data-element_type=\"container\" data-e-type=\"container\">\n\t\t\t\t<div class=\"elementor-element elementor-element-11020c6b elementor-widget elementor-widget-ucaddon_side_border_heading\" data-id=\"11020c6b\" data-element_type=\"widget\" data-e-type=\"widget\" data-widget_type=\"ucaddon_side_border_heading.default\">\n\t\t\t\t<div class=\"elementor-widget-container\">\n\t\t\t\t\t\n<!-- start Side Line Heading -->\n<style>\/* widget: Side Line Heading *\/\n\n#uc_side_border_heading_elementor_11020c6b\n{\n  display:flex;\n}\n\n#uc_side_border_heading_elementor_11020c6b .side_border_heading_title\n{\n  color:black;\n}\n\n#uc_side_border_heading_elementor_11020c6b .side_border_heading_subtitle\n{\n  line-height:1.5em;\n  color:gray;\n}\n#uc_side_border_heading_elementor_11020c6b .side_border_heading_line_holder{\nflex-shrink: 0;\n}\n\n#uc_side_border_heading_elementor_11020c6b .side_border_heading_line_spacer{\nflex-shrink: 0;\n}\n\n<\/style>\n\n<div id=\"uc_side_border_heading_elementor_11020c6b\">\n  <div class=\"side_border_heading_line_holder\"><div class=\"side_border_heading_line\" style=\"background-color:#D3B574;\"><\/div><\/div>\n  <div class=\"side_border_heading_line_spacer\"><\/div>\n  <div>\n    <div class=\"side_border_heading_title\"><span  class=\"uc_style_side_border_heading_elementor_title\" style=\"color:#7CC051;\">Engagez un h\u00f4te pour votre \u00e9v\u00e9nement<\/span><\/div>\n    <div class=\"side_border_heading_subtitle\"><span  class=\"uc_style_side_border_heading_elementor_subtitle\" style=\"color:#22216B;\">Accueillez vos invit\u00e9s avec un sourire chaleureux et amical. Nos h\u00f4tes exp\u00e9riment\u00e9s\naccueilleront les participants, leur fourniront les indications \u00e0 suivre et veilleront \u00e0 ce<\/span><\/div>\n  <\/div>\n<\/div>\n<!-- end Side Line Heading -->\t\t\t\t<\/div>\n\t\t\t\t<\/div>\n\t\t\t\t<div class=\"elementor-element elementor-element-3ae0196 elementor-widget elementor-widget-ucaddon_neon_glowing_button_effect\" data-id=\"3ae0196\" data-element_type=\"widget\" data-e-type=\"widget\" data-widget_type=\"ucaddon_neon_glowing_button_effect.default\">\n\t\t\t\t<div class=\"elementor-widget-container\">\n\t\t\t\t\t\n<!-- start Neon Glowing Button Effect -->\n\t\t<link id='font-awesome-css' href='https:\/\/www.bleivevents.com\/wp-content\/plugins\/unlimited-elements-for-elementor-premium\/assets_libraries\/font-awesome6\/fontawesome-all.min.css' type='text\/css' rel='stylesheet' >\n\t\t<link id='font-awesome-4-shim-css' href='https:\/\/www.bleivevents.com\/wp-content\/plugins\/unlimited-elements-for-elementor-premium\/assets_libraries\/font-awesome6\/fontawesome-v4-shims.min.css' type='text\/css' rel='stylesheet' >\n\n<style>\/* widget: Neon Glowing Button Effect *\/\n\n#uc_neon_glowing_button_effect_elementor_3ae0196{\n  position: relative;\n  z-index:1;\n}\n#uc_neon_glowing_button_effect_elementor_3ae0196 *{\n    margin: 0;\n}\n#uc_neon_glowing_button_effect_elementor_3ae0196.ue_neon_btn_wrapper{\n  display: flex;\n  justify-content: center;\n  align-items: center;\n  gap:50px;\n}\n#uc_neon_glowing_button_effect_elementor_3ae0196 .ue_neon_btn {\n  display: flex;\n  flex-direction:row;\n  justify-content: center;\n  align-items: center;\n  position: relative;\n  border-radius: 0px;\n  overflow:visible;\n  transition: 0.5s;\n}\n\n#uc_neon_glowing_button_effect_elementor_3ae0196 .ue_neon_btn:after {\n  content: '';\n  position: absolute;\n  box-sizing:content-box;\n  border-radius: calc(0px + 5px);\n  width: 100%;\n  height: 100%;\n  translate: -50% -50%;\n  left: 50%;\n  top: 50%;\n  z-index: -1;\n  animation: rotateuc_neon_glowing_button_effect_elementor_3ae0196 2000ms linear infinite;\n  padding: 5px;\n  --angle: 0deg;\n  filter: ;\n  background: conic-gradient(from var(--angle) ,\n          #ff003700 50deg,\n      #7CC051 360deg\n          );\n  transition: all 0.5s;\n}\n\n\n\n@property --angle {\n  syntax: '<angle>';\n  initial-value: 0deg;\n  inherits: false;\n}\n@property --hueuc_neon_glowing_button_effect_elementor_3ae0196 {\n  syntax: '<angle>';\n  initial-value: 0deg;\n  inherits: false;\n}\n@keyframes rotateuc_neon_glowing_button_effect_elementor_3ae0196 {\n  0% {\n    --angle: 0deg;\n       }\n  50% { \n      }\n  100% { \n    --angle: 360deg;\n      }\n}\n\n#uc_neon_glowing_button_effect_elementor_3ae0196 .ue_neon_btn:hover:before,\n#uc_neon_glowing_button_effect_elementor_3ae0196 .ue_neon_btn:hover:after{\n  opacity:0;\n}\n\n#uc_neon_glowing_button_effect_elementor_3ae0196 .ue-btn svg\n{\n  height:1em;\n  width:1em;\n}\n\n<\/style>\n\n<div id=\"uc_neon_glowing_button_effect_elementor_3ae0196\" class=\"ue_neon_btn_wrapper elementor-animation-grow-rotate\">\n  <a href=\"https:\/\/www.bleivevents.com\/fr\/book\/\"  class=\"ue_neon_btn\">\n        R\u00e9servez un pro\n      <\/a>\n<\/div>\n<!-- end Neon Glowing Button Effect -->\t\t\t\t<\/div>\n\t\t\t\t<\/div>\n\t\t\t\t<\/div>\n\t\t\t\t\t<\/div>\n\t\t\t\t<\/div>\n\t\t<div class=\"elementor-element elementor-element-6e642db2 elementor-hidden-desktop elementor-hidden-tablet e-flex e-con-boxed e-con e-parent\" data-id=\"6e642db2\" data-element_type=\"container\" data-e-type=\"container\">\n\t\t\t\t\t<div class=\"e-con-inner\">\n\t\t\t\t<div class=\"elementor-element elementor-element-433dfe4 elementor-hidden-desktop elementor-hidden-tablet elementor-widget elementor-widget-ucaddon_uc_slider_image\" data-id=\"433dfe4\" data-element_type=\"widget\" data-e-type=\"widget\" data-widget_type=\"ucaddon_uc_slider_image.default\">\n\t\t\t\t<div class=\"elementor-widget-container\">\n\t\t\t\t\t\n<!-- start Slider Gallery -->\n\t\t<link id='unitegallery-css' href='https:\/\/www.bleivevents.com\/wp-content\/plugins\/unlimited-elements-for-elementor-premium\/assets_libraries\/unitegallery\/css\/unite-gallery.css' type='text\/css' rel='stylesheet' >\n\n<style>\/* widget: Slider Gallery *\/\n\n#uc_uc_slider_image_elementor_433dfe4{\n  overflow:hidden;\n}\n\n#uc_uc_slider_image_elementor_433dfe4-wrapper{\n  min-height:1px;\n}\n\n\n\n<\/style>\n\n<div id=\"uc_uc_slider_image_elementor_433dfe4-wrapper\">\n<div id=\"uc_uc_slider_image_elementor_433dfe4\" class=\"uc-items-wrapper\" style=\"display:none; margin:0 auto;\"  data-remote-type=\"gallery\" data-custom-sethtml=\"true\" >\n\n\n<img decoding=\"async\" alt=\"f1c6f378-b83c-4a66-8bca-599f8eb37de6\"\n   data-src=\"https:\/\/www.bleivevents.com\/wp-content\/uploads\/2024\/10\/f1c6f378-b83c-4a66-8bca-599f8eb37de6-1-768x468.jpg\"\n    data-image=\"https:\/\/www.bleivevents.com\/wp-content\/uploads\/2024\/10\/f1c6f378-b83c-4a66-8bca-599f8eb37de6-1-1024x624.jpg\"\n    data-title=\"f1c6f378-b83c-4a66-8bca-599f8eb37de6\" src=\"data:image\/gif;base64,R0lGODlhAQABAAAAACH5BAEKAAEALAAAAAABAAEAAAICTAEAOw==\" class=\"lazyload\" style=\"--smush-placeholder-width: 768px; --smush-placeholder-aspect-ratio: 768\/468;\">\n\n<img decoding=\"async\" alt=\"a6268db9-48a9-413b-bd7f-b6c8cf75a012\"\n   data-src=\"https:\/\/www.bleivevents.com\/wp-content\/uploads\/2024\/10\/a6268db9-48a9-413b-bd7f-b6c8cf75a012-768x505.jpg\"\n    data-image=\"https:\/\/www.bleivevents.com\/wp-content\/uploads\/2024\/10\/a6268db9-48a9-413b-bd7f-b6c8cf75a012-1024x673.jpg\"\n    data-title=\"a6268db9-48a9-413b-bd7f-b6c8cf75a012\" src=\"data:image\/gif;base64,R0lGODlhAQABAAAAACH5BAEKAAEALAAAAAABAAEAAAICTAEAOw==\" class=\"lazyload\" style=\"--smush-placeholder-width: 768px; --smush-placeholder-aspect-ratio: 768\/505;\">\n\n<img decoding=\"async\" alt=\"c88822ed-64fd-41a0-8b22-21cad29e3c91\"\n   data-src=\"https:\/\/www.bleivevents.com\/wp-content\/uploads\/2024\/10\/c88822ed-64fd-41a0-8b22-21cad29e3c91-768x958.jpg\"\n    data-image=\"https:\/\/www.bleivevents.com\/wp-content\/uploads\/2024\/10\/c88822ed-64fd-41a0-8b22-21cad29e3c91-821x1024.jpg\"\n    data-title=\"c88822ed-64fd-41a0-8b22-21cad29e3c91\" src=\"data:image\/gif;base64,R0lGODlhAQABAAAAACH5BAEKAAEALAAAAAABAAEAAAICTAEAOw==\" class=\"lazyload\" style=\"--smush-placeholder-width: 768px; --smush-placeholder-aspect-ratio: 768\/958;\">\n\n<img decoding=\"async\" alt=\"21457392-7258-4394-81b3-49a48c46e19b\"\n   data-src=\"https:\/\/www.bleivevents.com\/wp-content\/uploads\/2024\/10\/21457392-7258-4394-81b3-49a48c46e19b-768x958.jpg\"\n    data-image=\"https:\/\/www.bleivevents.com\/wp-content\/uploads\/2024\/10\/21457392-7258-4394-81b3-49a48c46e19b-821x1024.jpg\"\n    data-title=\"21457392-7258-4394-81b3-49a48c46e19b\" src=\"data:image\/gif;base64,R0lGODlhAQABAAAAACH5BAEKAAEALAAAAAABAAEAAAICTAEAOw==\" class=\"lazyload\" style=\"--smush-placeholder-width: 768px; --smush-placeholder-aspect-ratio: 768\/958;\">\n\n<img decoding=\"async\" alt=\"c96b4746-e5e3-40d1-8f9a-688e63232cc8\"\n   data-src=\"https:\/\/www.bleivevents.com\/wp-content\/uploads\/2024\/10\/c96b4746-e5e3-40d1-8f9a-688e63232cc8-768x960.jpg\"\n    data-image=\"https:\/\/www.bleivevents.com\/wp-content\/uploads\/2024\/10\/c96b4746-e5e3-40d1-8f9a-688e63232cc8-819x1024.jpg\"\n    data-title=\"c96b4746-e5e3-40d1-8f9a-688e63232cc8\" src=\"data:image\/gif;base64,R0lGODlhAQABAAAAACH5BAEKAAEALAAAAAABAAEAAAICTAEAOw==\" class=\"lazyload\" style=\"--smush-placeholder-width: 768px; --smush-placeholder-aspect-ratio: 768\/960;\">\n\n  \n<\/div>\n<\/div>\n<!-- end Slider Gallery -->\t\t\t\t<\/div>\n\t\t\t\t<\/div>\n\t\t\t\t\t<\/div>\n\t\t\t\t<\/div>\n\t\t<div class=\"elementor-element elementor-element-acccacc elementor-hidden-mobile e-flex e-con-boxed e-con e-parent\" data-id=\"acccacc\" data-element_type=\"container\" data-e-type=\"container\">\n\t\t\t\t\t<div class=\"e-con-inner\">\n\t\t\t\t<div class=\"elementor-element elementor-element-a9b6b4e elementor-widget elementor-widget-ucaddon_uc_slider_image\" data-id=\"a9b6b4e\" data-element_type=\"widget\" data-e-type=\"widget\" data-widget_type=\"ucaddon_uc_slider_image.default\">\n\t\t\t\t<div class=\"elementor-widget-container\">\n\t\t\t\t\t\n<!-- start Slider Gallery -->\n\n<style>\/* widget: Slider Gallery *\/\n\n#uc_uc_slider_image_elementor_a9b6b4e{\n  overflow:hidden;\n}\n\n#uc_uc_slider_image_elementor_a9b6b4e-wrapper{\n  min-height:1px;\n}\n\n\n\n<\/style>\n\n<div id=\"uc_uc_slider_image_elementor_a9b6b4e-wrapper\">\n<div id=\"uc_uc_slider_image_elementor_a9b6b4e\" class=\"uc-items-wrapper\" style=\"display:none; margin:0 auto;\"  data-remote-type=\"gallery\" data-custom-sethtml=\"true\" >\n\n\n<img decoding=\"async\" alt=\"f1c6f378-b83c-4a66-8bca-599f8eb37de6\"\n   data-src=\"https:\/\/www.bleivevents.com\/wp-content\/uploads\/2024\/10\/f1c6f378-b83c-4a66-8bca-599f8eb37de6-1-768x468.jpg\"\n    data-image=\"https:\/\/www.bleivevents.com\/wp-content\/uploads\/2024\/10\/f1c6f378-b83c-4a66-8bca-599f8eb37de6-1-1024x624.jpg\"\n    data-title=\"f1c6f378-b83c-4a66-8bca-599f8eb37de6\" src=\"data:image\/gif;base64,R0lGODlhAQABAAAAACH5BAEKAAEALAAAAAABAAEAAAICTAEAOw==\" class=\"lazyload\" style=\"--smush-placeholder-width: 768px; --smush-placeholder-aspect-ratio: 768\/468;\">\n\n<img decoding=\"async\" alt=\"a6268db9-48a9-413b-bd7f-b6c8cf75a012\"\n   data-src=\"https:\/\/www.bleivevents.com\/wp-content\/uploads\/2024\/10\/a6268db9-48a9-413b-bd7f-b6c8cf75a012-768x505.jpg\"\n    data-image=\"https:\/\/www.bleivevents.com\/wp-content\/uploads\/2024\/10\/a6268db9-48a9-413b-bd7f-b6c8cf75a012-1024x673.jpg\"\n    data-title=\"a6268db9-48a9-413b-bd7f-b6c8cf75a012\" src=\"data:image\/gif;base64,R0lGODlhAQABAAAAACH5BAEKAAEALAAAAAABAAEAAAICTAEAOw==\" class=\"lazyload\" style=\"--smush-placeholder-width: 768px; --smush-placeholder-aspect-ratio: 768\/505;\">\n\n<img decoding=\"async\" alt=\"c88822ed-64fd-41a0-8b22-21cad29e3c91\"\n   data-src=\"https:\/\/www.bleivevents.com\/wp-content\/uploads\/2024\/10\/c88822ed-64fd-41a0-8b22-21cad29e3c91-768x958.jpg\"\n    data-image=\"https:\/\/www.bleivevents.com\/wp-content\/uploads\/2024\/10\/c88822ed-64fd-41a0-8b22-21cad29e3c91-821x1024.jpg\"\n    data-title=\"c88822ed-64fd-41a0-8b22-21cad29e3c91\" src=\"data:image\/gif;base64,R0lGODlhAQABAAAAACH5BAEKAAEALAAAAAABAAEAAAICTAEAOw==\" class=\"lazyload\" style=\"--smush-placeholder-width: 768px; --smush-placeholder-aspect-ratio: 768\/958;\">\n\n<img decoding=\"async\" alt=\"21457392-7258-4394-81b3-49a48c46e19b\"\n   data-src=\"https:\/\/www.bleivevents.com\/wp-content\/uploads\/2024\/10\/21457392-7258-4394-81b3-49a48c46e19b-768x958.jpg\"\n    data-image=\"https:\/\/www.bleivevents.com\/wp-content\/uploads\/2024\/10\/21457392-7258-4394-81b3-49a48c46e19b-821x1024.jpg\"\n    data-title=\"21457392-7258-4394-81b3-49a48c46e19b\" src=\"data:image\/gif;base64,R0lGODlhAQABAAAAACH5BAEKAAEALAAAAAABAAEAAAICTAEAOw==\" class=\"lazyload\" style=\"--smush-placeholder-width: 768px; --smush-placeholder-aspect-ratio: 768\/958;\">\n\n<img decoding=\"async\" alt=\"c96b4746-e5e3-40d1-8f9a-688e63232cc8\"\n   data-src=\"https:\/\/www.bleivevents.com\/wp-content\/uploads\/2024\/10\/c96b4746-e5e3-40d1-8f9a-688e63232cc8-768x960.jpg\"\n    data-image=\"https:\/\/www.bleivevents.com\/wp-content\/uploads\/2024\/10\/c96b4746-e5e3-40d1-8f9a-688e63232cc8-819x1024.jpg\"\n    data-title=\"c96b4746-e5e3-40d1-8f9a-688e63232cc8\" src=\"data:image\/gif;base64,R0lGODlhAQABAAAAACH5BAEKAAEALAAAAAABAAEAAAICTAEAOw==\" class=\"lazyload\" style=\"--smush-placeholder-width: 768px; --smush-placeholder-aspect-ratio: 768\/960;\">\n\n  \n<\/div>\n<\/div>\n<!-- end Slider Gallery -->\t\t\t\t<\/div>\n\t\t\t\t<\/div>\n\t\t\t\t\t<\/div>\n\t\t\t\t<\/div>\n\t\t\t\t<\/div>","protected":false},"excerpt":{"rendered":"<p>Event Host Hire a Host for your Event Welcome your guests with a warm and friendly smile. Our experienced hosts will greet attendees, provide directions, and ensure a welcoming atmosphere throughout your event. Book a Pro now<\/p>","protected":false},"author":1,"featured_media":0,"parent":0,"menu_order":0,"comment_status":"closed","ping_status":"closed","template":"","meta":{"footnotes":""},"class_list":["post-89","page","type-page","status-publish","hentry"],"_links":{"self":[{"href":"https:\/\/www.bleivevents.com\/fr\/wp-json\/wp\/v2\/pages\/89","targetHints":{"allow":["GET"]}}],"collection":[{"href":"https:\/\/www.bleivevents.com\/fr\/wp-json\/wp\/v2\/pages"}],"about":[{"href":"https:\/\/www.bleivevents.com\/fr\/wp-json\/wp\/v2\/types\/page"}],"author":[{"embeddable":true,"href":"https:\/\/www.bleivevents.com\/fr\/wp-json\/wp\/v2\/users\/1"}],"replies":[{"embeddable":true,"href":"https:\/\/www.bleivevents.com\/fr\/wp-json\/wp\/v2\/comments?post=89"}],"version-history":[{"count":0,"href":"https:\/\/www.bleivevents.com\/fr\/wp-json\/wp\/v2\/pages\/89\/revisions"}],"wp:attachment":[{"href":"https:\/\/www.bleivevents.com\/fr\/wp-json\/wp\/v2\/media?parent=89"}],"curies":[{"name":"wp","href":"https:\/\/api.w.org\/{rel}","templated":true}]}}