{"id":87,"date":"2024-09-20T13:08:32","date_gmt":"2024-09-20T13:08:32","guid":{"rendered":"https:\/\/www.bleivevents.com\/?page_id=87"},"modified":"2024-10-10T05:18:13","modified_gmt":"2024-10-10T05:18:13","slug":"banquet-server","status":"publish","type":"page","link":"https:\/\/www.bleivevents.com\/fr\/banquet-server\/","title":{"rendered":"Serveur de Banquet"},"content":{"rendered":"<div data-elementor-type=\"wp-page\" data-elementor-id=\"87\" class=\"elementor elementor-87\" data-elementor-post-type=\"page\">\n\t\t\t\t<div class=\"elementor-element elementor-element-73aaab40 e-con-full e-flex e-con e-parent\" data-id=\"73aaab40\" data-element_type=\"container\" data-e-type=\"container\" data-settings=\"{&quot;background_background&quot;:&quot;classic&quot;}\">\n\t\t<div class=\"elementor-element elementor-element-3677e9c8 e-con-full e-flex e-con e-child\" data-id=\"3677e9c8\" data-element_type=\"container\" data-e-type=\"container\">\n\t\t\t\t<div class=\"elementor-element elementor-element-10123a5 elementor-widget-tablet__width-initial elementor-widget elementor-widget-image\" data-id=\"10123a5\" data-element_type=\"widget\" data-e-type=\"widget\" data-widget_type=\"image.default\">\n\t\t\t\t<div class=\"elementor-widget-container\">\n\t\t\t\t\t\t\t\t\t\t\t\t\t\t\t<img fetchpriority=\"high\" decoding=\"async\" width=\"1043\" height=\"1291\" src=\"https:\/\/www.bleivevents.com\/wp-content\/uploads\/2024\/10\/41778c87-cfdc-4300-932d-b5291086f6fb.jpg\" class=\"attachment-full size-full wp-image-1680\" alt=\"\" srcset=\"https:\/\/www.bleivevents.com\/wp-content\/uploads\/2024\/10\/41778c87-cfdc-4300-932d-b5291086f6fb.jpg 1043w, https:\/\/www.bleivevents.com\/wp-content\/uploads\/2024\/10\/41778c87-cfdc-4300-932d-b5291086f6fb-242x300.jpg 242w, https:\/\/www.bleivevents.com\/wp-content\/uploads\/2024\/10\/41778c87-cfdc-4300-932d-b5291086f6fb-827x1024.jpg 827w, https:\/\/www.bleivevents.com\/wp-content\/uploads\/2024\/10\/41778c87-cfdc-4300-932d-b5291086f6fb-768x951.jpg 768w\" sizes=\"(max-width: 1043px) 100vw, 1043px\" \/>\t\t\t\t\t\t\t\t\t\t\t\t\t\t\t<\/div>\n\t\t\t\t<\/div>\n\t\t\t\t<\/div>\n\t\t<div class=\"elementor-element elementor-element-1511509 e-con-full e-flex e-con e-child\" data-id=\"1511509\" data-element_type=\"container\" data-e-type=\"container\">\n\t\t\t\t<div class=\"elementor-element elementor-element-29e0ffde elementor-widget elementor-widget-ucaddon_dual_color_heading\" data-id=\"29e0ffde\" data-element_type=\"widget\" data-e-type=\"widget\" data-widget_type=\"ucaddon_dual_color_heading.default\">\n\t\t\t\t<div class=\"elementor-widget-container\">\n\t\t\t\t\t\n<!-- start Dual Color Heading -->\n\n<div class=\"ue-dual-color-heading\">\n  <div>\n    <span class=\"ue-title-one\">Banquet <\/span> <span class=\"ue-title-two\">Serveur<\/span>\n  <\/div>\n<\/div>\n<!-- end Dual Color Heading -->\t\t\t\t<\/div>\n\t\t\t\t<\/div>\n\t\t\t\t<\/div>\n\t\t\t\t<\/div>\n\t\t<div class=\"elementor-element elementor-element-1664d32e e-flex e-con-boxed e-con e-parent\" data-id=\"1664d32e\" data-element_type=\"container\" data-e-type=\"container\">\n\t\t\t\t\t<div class=\"e-con-inner\">\n\t\t<div class=\"elementor-element elementor-element-5c929fc4 e-con-full e-flex e-con e-child\" data-id=\"5c929fc4\" data-element_type=\"container\" data-e-type=\"container\">\n\t\t\t\t<div class=\"elementor-element elementor-element-54b2936a elementor-widget elementor-widget-ucaddon_side_border_heading\" data-id=\"54b2936a\" data-element_type=\"widget\" data-e-type=\"widget\" data-widget_type=\"ucaddon_side_border_heading.default\">\n\t\t\t\t<div class=\"elementor-widget-container\">\n\t\t\t\t\t\n<!-- start Side Line Heading -->\n<style>\/* widget: Side Line Heading *\/\n\n#uc_side_border_heading_elementor_54b2936a\n{\n  display:flex;\n}\n\n#uc_side_border_heading_elementor_54b2936a .side_border_heading_title\n{\n  color:black;\n}\n\n#uc_side_border_heading_elementor_54b2936a .side_border_heading_subtitle\n{\n  line-height:1.5em;\n  color:gray;\n}\n#uc_side_border_heading_elementor_54b2936a .side_border_heading_line_holder{\nflex-shrink: 0;\n}\n\n#uc_side_border_heading_elementor_54b2936a .side_border_heading_line_spacer{\nflex-shrink: 0;\n}\n\n<\/style>\n\n<div id=\"uc_side_border_heading_elementor_54b2936a\">\n  <div class=\"side_border_heading_line_holder\"><div class=\"side_border_heading_line\" style=\"background-color:#D3B574;\"><\/div><\/div>\n  <div class=\"side_border_heading_line_spacer\"><\/div>\n  <div>\n    <div class=\"side_border_heading_title\"><span  class=\"uc_style_side_border_heading_elementor_title\" style=\"color:#7CC051;\">R\u00e9servez votre serveur de banquet<\/span><\/div>\n    <div class=\"side_border_heading_subtitle\"><span  class=\"uc_style_side_border_heading_elementor_subtitle\" style=\"color:#22216B;\">Nos serveurs de banquet sont form\u00e9s pour g\u00e9rer des \u00e9v\u00e9nements de grande envergure\navec efficacit\u00e9. Qu\u2019il s\u2019agisse de servir les repas ou de d\u00e9barrasser les assiettes, notre\n\u00e9quipe s\u2019assurera que l\u2019exp\u00e9rience culinaire soit fluide et agr\u00e9able.<\/span><\/div>\n  <\/div>\n<\/div>\n<!-- end Side Line Heading -->\t\t\t\t<\/div>\n\t\t\t\t<\/div>\n\t\t\t\t<div class=\"elementor-element elementor-element-d8fddef elementor-widget elementor-widget-ucaddon_neon_glowing_button_effect\" data-id=\"d8fddef\" data-element_type=\"widget\" data-e-type=\"widget\" data-widget_type=\"ucaddon_neon_glowing_button_effect.default\">\n\t\t\t\t<div class=\"elementor-widget-container\">\n\t\t\t\t\t\n<!-- start Neon Glowing Button Effect -->\n\t\t<link id='font-awesome-css' href='https:\/\/www.bleivevents.com\/wp-content\/plugins\/unlimited-elements-for-elementor-premium\/assets_libraries\/font-awesome6\/fontawesome-all.min.css' type='text\/css' rel='stylesheet' >\n\t\t<link id='font-awesome-4-shim-css' href='https:\/\/www.bleivevents.com\/wp-content\/plugins\/unlimited-elements-for-elementor-premium\/assets_libraries\/font-awesome6\/fontawesome-v4-shims.min.css' type='text\/css' rel='stylesheet' >\n\n<style>\/* widget: Neon Glowing Button Effect *\/\n\n#uc_neon_glowing_button_effect_elementor_d8fddef{\n  position: relative;\n  z-index:1;\n}\n#uc_neon_glowing_button_effect_elementor_d8fddef *{\n    margin: 0;\n}\n#uc_neon_glowing_button_effect_elementor_d8fddef.ue_neon_btn_wrapper{\n  display: flex;\n  justify-content: center;\n  align-items: center;\n  gap:50px;\n}\n#uc_neon_glowing_button_effect_elementor_d8fddef .ue_neon_btn {\n  display: flex;\n  flex-direction:row;\n  justify-content: center;\n  align-items: center;\n  position: relative;\n  border-radius: 0px;\n  overflow:visible;\n  transition: 0.5s;\n}\n\n#uc_neon_glowing_button_effect_elementor_d8fddef .ue_neon_btn:after {\n  content: '';\n  position: absolute;\n  box-sizing:content-box;\n  border-radius: calc(0px + 5px);\n  width: 100%;\n  height: 100%;\n  translate: -50% -50%;\n  left: 50%;\n  top: 50%;\n  z-index: -1;\n  animation: rotateuc_neon_glowing_button_effect_elementor_d8fddef 2000ms linear infinite;\n  padding: 5px;\n  --angle: 0deg;\n  filter: ;\n  background: conic-gradient(from var(--angle) ,\n          #ff003700 50deg,\n      #7CC051 360deg\n          );\n  transition: all 0.5s;\n}\n\n\n\n@property --angle {\n  syntax: '<angle>';\n  initial-value: 0deg;\n  inherits: false;\n}\n@property --hueuc_neon_glowing_button_effect_elementor_d8fddef {\n  syntax: '<angle>';\n  initial-value: 0deg;\n  inherits: false;\n}\n@keyframes rotateuc_neon_glowing_button_effect_elementor_d8fddef {\n  0% {\n    --angle: 0deg;\n       }\n  50% { \n      }\n  100% { \n    --angle: 360deg;\n      }\n}\n\n#uc_neon_glowing_button_effect_elementor_d8fddef .ue_neon_btn:hover:before,\n#uc_neon_glowing_button_effect_elementor_d8fddef .ue_neon_btn:hover:after{\n  opacity:0;\n}\n\n#uc_neon_glowing_button_effect_elementor_d8fddef .ue-btn svg\n{\n  height:1em;\n  width:1em;\n}\n\n<\/style>\n\n<div id=\"uc_neon_glowing_button_effect_elementor_d8fddef\" class=\"ue_neon_btn_wrapper elementor-animation-grow-rotate\">\n  <a href=\"https:\/\/www.bleivevents.com\/fr\/book\/\"  class=\"ue_neon_btn\">\n        R\u00e9servez un pro\n      <\/a>\n<\/div>\n<!-- end Neon Glowing Button Effect -->\t\t\t\t<\/div>\n\t\t\t\t<\/div>\n\t\t\t\t<\/div>\n\t\t\t\t\t<\/div>\n\t\t\t\t<\/div>\n\t\t<div class=\"elementor-element elementor-element-58cc8e86 elementor-hidden-desktop elementor-hidden-tablet e-flex e-con-boxed e-con e-parent\" data-id=\"58cc8e86\" data-element_type=\"container\" data-e-type=\"container\">\n\t\t\t\t\t<div class=\"e-con-inner\">\n\t\t\t\t<div class=\"elementor-element elementor-element-510d516 elementor-widget elementor-widget-ucaddon_uc_slider_image\" data-id=\"510d516\" data-element_type=\"widget\" data-e-type=\"widget\" data-widget_type=\"ucaddon_uc_slider_image.default\">\n\t\t\t\t<div class=\"elementor-widget-container\">\n\t\t\t\t\t\n<!-- start Slider Gallery -->\n\t\t<link id='unitegallery-css' href='https:\/\/www.bleivevents.com\/wp-content\/plugins\/unlimited-elements-for-elementor-premium\/assets_libraries\/unitegallery\/css\/unite-gallery.css' type='text\/css' rel='stylesheet' >\n\n<style>\/* widget: Slider Gallery *\/\n\n#uc_uc_slider_image_elementor_510d516{\n  overflow:hidden;\n}\n\n#uc_uc_slider_image_elementor_510d516-wrapper{\n  min-height:1px;\n}\n\n\n\n<\/style>\n\n<div id=\"uc_uc_slider_image_elementor_510d516-wrapper\">\n<div id=\"uc_uc_slider_image_elementor_510d516\" class=\"uc-items-wrapper\" style=\"display:none; margin:0 auto;\"  data-remote-type=\"gallery\" data-custom-sethtml=\"true\" >\n\n\n<img decoding=\"async\" alt=\"673e53b2-eac6-4918-a61e-50b9b48a82d0\"\n   data-src=\"https:\/\/www.bleivevents.com\/wp-content\/uploads\/2024\/10\/673e53b2-eac6-4918-a61e-50b9b48a82d0-768x767.jpg\"\n    data-image=\"https:\/\/www.bleivevents.com\/wp-content\/uploads\/2024\/10\/673e53b2-eac6-4918-a61e-50b9b48a82d0-1024x1024.jpg\"\n    data-title=\"673e53b2-eac6-4918-a61e-50b9b48a82d0\" src=\"data:image\/gif;base64,R0lGODlhAQABAAAAACH5BAEKAAEALAAAAAABAAEAAAICTAEAOw==\" class=\"lazyload\" style=\"--smush-placeholder-width: 768px; --smush-placeholder-aspect-ratio: 768\/767;\">\n\n<img decoding=\"async\" alt=\"7e9885bf-e587-4f3e-9787-381b783846bf\"\n   data-src=\"https:\/\/www.bleivevents.com\/wp-content\/uploads\/2024\/10\/7e9885bf-e587-4f3e-9787-381b783846bf-1-768x509.jpg\"\n    data-image=\"https:\/\/www.bleivevents.com\/wp-content\/uploads\/2024\/10\/7e9885bf-e587-4f3e-9787-381b783846bf-1-1024x678.jpg\"\n    data-title=\"7e9885bf-e587-4f3e-9787-381b783846bf\" src=\"data:image\/gif;base64,R0lGODlhAQABAAAAACH5BAEKAAEALAAAAAABAAEAAAICTAEAOw==\" class=\"lazyload\" style=\"--smush-placeholder-width: 768px; --smush-placeholder-aspect-ratio: 768\/509;\">\n\n<img decoding=\"async\" alt=\"203bf891-168d-43b6-b6af-74cca765bace\"\n   data-src=\"https:\/\/www.bleivevents.com\/wp-content\/uploads\/2024\/10\/203bf891-168d-43b6-b6af-74cca765bace-768x960.jpg\"\n    data-image=\"https:\/\/www.bleivevents.com\/wp-content\/uploads\/2024\/10\/203bf891-168d-43b6-b6af-74cca765bace-819x1024.jpg\"\n    data-title=\"203bf891-168d-43b6-b6af-74cca765bace\" src=\"data:image\/gif;base64,R0lGODlhAQABAAAAACH5BAEKAAEALAAAAAABAAEAAAICTAEAOw==\" class=\"lazyload\" style=\"--smush-placeholder-width: 768px; --smush-placeholder-aspect-ratio: 768\/960;\">\n\n<img decoding=\"async\" alt=\"41778c87-cfdc-4300-932d-b5291086f6fb\"\n   data-src=\"https:\/\/www.bleivevents.com\/wp-content\/uploads\/2024\/10\/41778c87-cfdc-4300-932d-b5291086f6fb-1-768x951.jpg\"\n    data-image=\"https:\/\/www.bleivevents.com\/wp-content\/uploads\/2024\/10\/41778c87-cfdc-4300-932d-b5291086f6fb-1-827x1024.jpg\"\n    data-title=\"41778c87-cfdc-4300-932d-b5291086f6fb\" src=\"data:image\/gif;base64,R0lGODlhAQABAAAAACH5BAEKAAEALAAAAAABAAEAAAICTAEAOw==\" class=\"lazyload\" style=\"--smush-placeholder-width: 768px; --smush-placeholder-aspect-ratio: 768\/951;\">\n\n<img decoding=\"async\" alt=\"ddbf26a6-2998-47b5-a373-4762513c4f14\"\n   data-src=\"https:\/\/www.bleivevents.com\/wp-content\/uploads\/2024\/10\/ddbf26a6-2998-47b5-a373-4762513c4f14-1-768x766.jpg\"\n    data-image=\"https:\/\/www.bleivevents.com\/wp-content\/uploads\/2024\/10\/ddbf26a6-2998-47b5-a373-4762513c4f14-1-1024x1021.jpg\"\n    data-title=\"ddbf26a6-2998-47b5-a373-4762513c4f14\" src=\"data:image\/gif;base64,R0lGODlhAQABAAAAACH5BAEKAAEALAAAAAABAAEAAAICTAEAOw==\" class=\"lazyload\" style=\"--smush-placeholder-width: 768px; --smush-placeholder-aspect-ratio: 768\/766;\">\n\n  \n<\/div>\n<\/div>\n<!-- end Slider Gallery -->\t\t\t\t<\/div>\n\t\t\t\t<\/div>\n\t\t\t\t\t<\/div>\n\t\t\t\t<\/div>\n\t\t<div class=\"elementor-element elementor-element-b070351 elementor-hidden-mobile e-flex e-con-boxed e-con e-parent\" data-id=\"b070351\" data-element_type=\"container\" data-e-type=\"container\">\n\t\t\t\t\t<div class=\"e-con-inner\">\n\t\t\t\t<div class=\"elementor-element elementor-element-c65e6e3 elementor-widget elementor-widget-ucaddon_uc_slider_image\" data-id=\"c65e6e3\" data-element_type=\"widget\" data-e-type=\"widget\" data-widget_type=\"ucaddon_uc_slider_image.default\">\n\t\t\t\t<div class=\"elementor-widget-container\">\n\t\t\t\t\t\n<!-- start Slider Gallery -->\n\n<style>\/* widget: Slider Gallery *\/\n\n#uc_uc_slider_image_elementor_c65e6e3{\n  overflow:hidden;\n}\n\n#uc_uc_slider_image_elementor_c65e6e3-wrapper{\n  min-height:1px;\n}\n\n\n\n<\/style>\n\n<div id=\"uc_uc_slider_image_elementor_c65e6e3-wrapper\">\n<div id=\"uc_uc_slider_image_elementor_c65e6e3\" class=\"uc-items-wrapper\" style=\"display:none; margin:0 auto;\"  data-remote-type=\"gallery\" data-custom-sethtml=\"true\" >\n\n\n<img decoding=\"async\" alt=\"673e53b2-eac6-4918-a61e-50b9b48a82d0\"\n   data-src=\"https:\/\/www.bleivevents.com\/wp-content\/uploads\/2024\/10\/673e53b2-eac6-4918-a61e-50b9b48a82d0-768x767.jpg\"\n    data-image=\"https:\/\/www.bleivevents.com\/wp-content\/uploads\/2024\/10\/673e53b2-eac6-4918-a61e-50b9b48a82d0-1024x1024.jpg\"\n    data-title=\"673e53b2-eac6-4918-a61e-50b9b48a82d0\" src=\"data:image\/gif;base64,R0lGODlhAQABAAAAACH5BAEKAAEALAAAAAABAAEAAAICTAEAOw==\" class=\"lazyload\" style=\"--smush-placeholder-width: 768px; --smush-placeholder-aspect-ratio: 768\/767;\">\n\n<img decoding=\"async\" alt=\"7e9885bf-e587-4f3e-9787-381b783846bf\"\n   data-src=\"https:\/\/www.bleivevents.com\/wp-content\/uploads\/2024\/10\/7e9885bf-e587-4f3e-9787-381b783846bf-1-768x509.jpg\"\n    data-image=\"https:\/\/www.bleivevents.com\/wp-content\/uploads\/2024\/10\/7e9885bf-e587-4f3e-9787-381b783846bf-1-1024x678.jpg\"\n    data-title=\"7e9885bf-e587-4f3e-9787-381b783846bf\" src=\"data:image\/gif;base64,R0lGODlhAQABAAAAACH5BAEKAAEALAAAAAABAAEAAAICTAEAOw==\" class=\"lazyload\" style=\"--smush-placeholder-width: 768px; --smush-placeholder-aspect-ratio: 768\/509;\">\n\n<img decoding=\"async\" alt=\"203bf891-168d-43b6-b6af-74cca765bace\"\n   data-src=\"https:\/\/www.bleivevents.com\/wp-content\/uploads\/2024\/10\/203bf891-168d-43b6-b6af-74cca765bace-768x960.jpg\"\n    data-image=\"https:\/\/www.bleivevents.com\/wp-content\/uploads\/2024\/10\/203bf891-168d-43b6-b6af-74cca765bace-819x1024.jpg\"\n    data-title=\"203bf891-168d-43b6-b6af-74cca765bace\" src=\"data:image\/gif;base64,R0lGODlhAQABAAAAACH5BAEKAAEALAAAAAABAAEAAAICTAEAOw==\" class=\"lazyload\" style=\"--smush-placeholder-width: 768px; --smush-placeholder-aspect-ratio: 768\/960;\">\n\n<img decoding=\"async\" alt=\"41778c87-cfdc-4300-932d-b5291086f6fb\"\n   data-src=\"https:\/\/www.bleivevents.com\/wp-content\/uploads\/2024\/10\/41778c87-cfdc-4300-932d-b5291086f6fb-1-768x951.jpg\"\n    data-image=\"https:\/\/www.bleivevents.com\/wp-content\/uploads\/2024\/10\/41778c87-cfdc-4300-932d-b5291086f6fb-1-827x1024.jpg\"\n    data-title=\"41778c87-cfdc-4300-932d-b5291086f6fb\" src=\"data:image\/gif;base64,R0lGODlhAQABAAAAACH5BAEKAAEALAAAAAABAAEAAAICTAEAOw==\" class=\"lazyload\" style=\"--smush-placeholder-width: 768px; --smush-placeholder-aspect-ratio: 768\/951;\">\n\n<img decoding=\"async\" alt=\"ddbf26a6-2998-47b5-a373-4762513c4f14\"\n   data-src=\"https:\/\/www.bleivevents.com\/wp-content\/uploads\/2024\/10\/ddbf26a6-2998-47b5-a373-4762513c4f14-1-768x766.jpg\"\n    data-image=\"https:\/\/www.bleivevents.com\/wp-content\/uploads\/2024\/10\/ddbf26a6-2998-47b5-a373-4762513c4f14-1-1024x1021.jpg\"\n    data-title=\"ddbf26a6-2998-47b5-a373-4762513c4f14\" src=\"data:image\/gif;base64,R0lGODlhAQABAAAAACH5BAEKAAEALAAAAAABAAEAAAICTAEAOw==\" class=\"lazyload\" style=\"--smush-placeholder-width: 768px; --smush-placeholder-aspect-ratio: 768\/766;\">\n\n  \n<\/div>\n<\/div>\n<!-- end Slider Gallery -->\t\t\t\t<\/div>\n\t\t\t\t<\/div>\n\t\t\t\t\t<\/div>\n\t\t\t\t<\/div>\n\t\t\t\t<\/div>","protected":false},"excerpt":{"rendered":"<p>Banquet Server Hire your Banquet Server Our banquet servers are trained to handle large-scale events with efficiency and grace. From serving meals to clearing plates, our team will ensure a smooth and enjoyable dining experience. Book a Pro now<\/p>","protected":false},"author":1,"featured_media":0,"parent":0,"menu_order":0,"comment_status":"closed","ping_status":"closed","template":"","meta":{"footnotes":""},"class_list":["post-87","page","type-page","status-publish","hentry"],"_links":{"self":[{"href":"https:\/\/www.bleivevents.com\/fr\/wp-json\/wp\/v2\/pages\/87","targetHints":{"allow":["GET"]}}],"collection":[{"href":"https:\/\/www.bleivevents.com\/fr\/wp-json\/wp\/v2\/pages"}],"about":[{"href":"https:\/\/www.bleivevents.com\/fr\/wp-json\/wp\/v2\/types\/page"}],"author":[{"embeddable":true,"href":"https:\/\/www.bleivevents.com\/fr\/wp-json\/wp\/v2\/users\/1"}],"replies":[{"embeddable":true,"href":"https:\/\/www.bleivevents.com\/fr\/wp-json\/wp\/v2\/comments?post=87"}],"version-history":[{"count":0,"href":"https:\/\/www.bleivevents.com\/fr\/wp-json\/wp\/v2\/pages\/87\/revisions"}],"wp:attachment":[{"href":"https:\/\/www.bleivevents.com\/fr\/wp-json\/wp\/v2\/media?parent=87"}],"curies":[{"name":"wp","href":"https:\/\/api.w.org\/{rel}","templated":true}]}}