{"id":85,"date":"2024-09-20T13:08:10","date_gmt":"2024-09-20T13:08:10","guid":{"rendered":"https:\/\/www.bleivevents.com\/?page_id=85"},"modified":"2024-10-10T05:19:19","modified_gmt":"2024-10-10T05:19:19","slug":"busboy","status":"publish","type":"page","link":"https:\/\/www.bleivevents.com\/fr\/busboy\/","title":{"rendered":"Plongeur"},"content":{"rendered":"<div data-elementor-type=\"wp-page\" data-elementor-id=\"85\" class=\"elementor elementor-85\" data-elementor-post-type=\"page\">\n\t\t\t\t<div class=\"elementor-element elementor-element-5b66afb1 e-con-full e-flex e-con e-parent\" data-id=\"5b66afb1\" data-element_type=\"container\" data-e-type=\"container\" data-settings=\"{&quot;background_background&quot;:&quot;classic&quot;}\">\n\t\t<div class=\"elementor-element elementor-element-3c50e8b6 e-con-full e-flex e-con e-child\" data-id=\"3c50e8b6\" data-element_type=\"container\" data-e-type=\"container\">\n\t\t\t\t<div class=\"elementor-element elementor-element-4916e5c0 elementor-widget-tablet__width-initial elementor-widget elementor-widget-image\" data-id=\"4916e5c0\" data-element_type=\"widget\" data-e-type=\"widget\" data-widget_type=\"image.default\">\n\t\t\t\t<div class=\"elementor-widget-container\">\n\t\t\t\t\t\t\t\t\t\t\t\t\t\t\t<img fetchpriority=\"high\" decoding=\"async\" width=\"2560\" height=\"1440\" src=\"https:\/\/www.bleivevents.com\/wp-content\/uploads\/2024\/09\/businessmen-suit-taking-notes-visit-international-headquarters-shareholders-meeting-corporate-ceo-attendance-executive-associate-doing-last-minute-changes-speech-scaled.jpg\" class=\"attachment-full size-full wp-image-694\" alt=\"\" srcset=\"https:\/\/www.bleivevents.com\/wp-content\/uploads\/2024\/09\/businessmen-suit-taking-notes-visit-international-headquarters-shareholders-meeting-corporate-ceo-attendance-executive-associate-doing-last-minute-changes-speech-scaled.jpg 2560w, https:\/\/www.bleivevents.com\/wp-content\/uploads\/2024\/09\/businessmen-suit-taking-notes-visit-international-headquarters-shareholders-meeting-corporate-ceo-attendance-executive-associate-doing-last-minute-changes-speech-300x169.jpg 300w, https:\/\/www.bleivevents.com\/wp-content\/uploads\/2024\/09\/businessmen-suit-taking-notes-visit-international-headquarters-shareholders-meeting-corporate-ceo-attendance-executive-associate-doing-last-minute-changes-speech-1024x576.jpg 1024w, https:\/\/www.bleivevents.com\/wp-content\/uploads\/2024\/09\/businessmen-suit-taking-notes-visit-international-headquarters-shareholders-meeting-corporate-ceo-attendance-executive-associate-doing-last-minute-changes-speech-768x432.jpg 768w, https:\/\/www.bleivevents.com\/wp-content\/uploads\/2024\/09\/businessmen-suit-taking-notes-visit-international-headquarters-shareholders-meeting-corporate-ceo-attendance-executive-associate-doing-last-minute-changes-speech-1536x864.jpg 1536w, https:\/\/www.bleivevents.com\/wp-content\/uploads\/2024\/09\/businessmen-suit-taking-notes-visit-international-headquarters-shareholders-meeting-corporate-ceo-attendance-executive-associate-doing-last-minute-changes-speech-2048x1152.jpg 2048w\" sizes=\"(max-width: 2560px) 100vw, 2560px\" \/>\t\t\t\t\t\t\t\t\t\t\t\t\t\t\t<\/div>\n\t\t\t\t<\/div>\n\t\t\t\t<\/div>\n\t\t<div class=\"elementor-element elementor-element-29f97bd4 e-con-full e-flex e-con e-child\" data-id=\"29f97bd4\" data-element_type=\"container\" data-e-type=\"container\">\n\t\t\t\t<div class=\"elementor-element elementor-element-58c9d8b7 elementor-widget elementor-widget-ucaddon_dual_color_heading\" data-id=\"58c9d8b7\" data-element_type=\"widget\" data-e-type=\"widget\" data-widget_type=\"ucaddon_dual_color_heading.default\">\n\t\t\t\t<div class=\"elementor-widget-container\">\n\t\t\t\t\t\n<!-- start Dual Color Heading -->\n\n<div class=\"ue-dual-color-heading\">\n  <div>\n    <span class=\"ue-title-one\">Bus<\/span> <span class=\"ue-title-two\">Boy<\/span>\n  <\/div>\n<\/div>\n<!-- end Dual Color Heading -->\t\t\t\t<\/div>\n\t\t\t\t<\/div>\n\t\t\t\t<\/div>\n\t\t\t\t<\/div>\n\t\t<div class=\"elementor-element elementor-element-fa967e8 e-flex e-con-boxed e-con e-parent\" data-id=\"fa967e8\" data-element_type=\"container\" data-e-type=\"container\">\n\t\t\t\t\t<div class=\"e-con-inner\">\n\t\t\t\t\t<\/div>\n\t\t\t\t<\/div>\n\t\t<div class=\"elementor-element elementor-element-61793f0f e-flex e-con-boxed e-con e-parent\" data-id=\"61793f0f\" data-element_type=\"container\" data-e-type=\"container\">\n\t\t\t\t\t<div class=\"e-con-inner\">\n\t\t<div class=\"elementor-element elementor-element-5020e7a3 e-con-full e-flex e-con e-child\" data-id=\"5020e7a3\" data-element_type=\"container\" data-e-type=\"container\">\n\t\t\t\t<div class=\"elementor-element elementor-element-11ea2cfb elementor-widget elementor-widget-ucaddon_side_border_heading\" data-id=\"11ea2cfb\" data-element_type=\"widget\" data-e-type=\"widget\" data-widget_type=\"ucaddon_side_border_heading.default\">\n\t\t\t\t<div class=\"elementor-widget-container\">\n\t\t\t\t\t\n<!-- start Side Line Heading -->\n<style>\/* widget: Side Line Heading *\/\n\n#uc_side_border_heading_elementor_11ea2cfb\n{\n  display:flex;\n}\n\n#uc_side_border_heading_elementor_11ea2cfb .side_border_heading_title\n{\n  color:black;\n}\n\n#uc_side_border_heading_elementor_11ea2cfb .side_border_heading_subtitle\n{\n  line-height:1.5em;\n  color:gray;\n}\n#uc_side_border_heading_elementor_11ea2cfb .side_border_heading_line_holder{\nflex-shrink: 0;\n}\n\n#uc_side_border_heading_elementor_11ea2cfb .side_border_heading_line_spacer{\nflex-shrink: 0;\n}\n\n<\/style>\n\n<div id=\"uc_side_border_heading_elementor_11ea2cfb\">\n  <div class=\"side_border_heading_line_holder\"><div class=\"side_border_heading_line\" style=\"background-color:#D3B574;\"><\/div><\/div>\n  <div class=\"side_border_heading_line_spacer\"><\/div>\n  <div>\n    <div class=\"side_border_heading_title\"><span  class=\"uc_style_side_border_heading_elementor_title\" style=\"color:#7CC051;\">Engagez votre plongeur<\/span><\/div>\n    <div class=\"side_border_heading_subtitle\"><span  class=\"uc_style_side_border_heading_elementor_subtitle\" style=\"color:#22216B;\">Gardez votre espace \u00e9v\u00e9nementiel propre et organis\u00e9 avec nos plongeurs fiables.\nNotre personnel attentif d\u00e9barrassera rapidement les tables, remplira les verres et\nmaintiendra un environnement propre tout au long de votre \u00e9v\u00e9nement.<\/span><\/div>\n  <\/div>\n<\/div>\n<!-- end Side Line Heading -->\t\t\t\t<\/div>\n\t\t\t\t<\/div>\n\t\t\t\t<div class=\"elementor-element elementor-element-2ffc066 elementor-widget elementor-widget-ucaddon_neon_glowing_button_effect\" data-id=\"2ffc066\" data-element_type=\"widget\" data-e-type=\"widget\" data-widget_type=\"ucaddon_neon_glowing_button_effect.default\">\n\t\t\t\t<div class=\"elementor-widget-container\">\n\t\t\t\t\t\n<!-- start Neon Glowing Button Effect -->\n\t\t<link id='font-awesome-css' href='https:\/\/www.bleivevents.com\/wp-content\/plugins\/unlimited-elements-for-elementor-premium\/assets_libraries\/font-awesome6\/fontawesome-all.min.css' type='text\/css' rel='stylesheet' >\n\t\t<link id='font-awesome-4-shim-css' href='https:\/\/www.bleivevents.com\/wp-content\/plugins\/unlimited-elements-for-elementor-premium\/assets_libraries\/font-awesome6\/fontawesome-v4-shims.min.css' type='text\/css' rel='stylesheet' >\n\n<style>\/* widget: Neon Glowing Button Effect *\/\n\n#uc_neon_glowing_button_effect_elementor_2ffc066{\n  position: relative;\n  z-index:1;\n}\n#uc_neon_glowing_button_effect_elementor_2ffc066 *{\n    margin: 0;\n}\n#uc_neon_glowing_button_effect_elementor_2ffc066.ue_neon_btn_wrapper{\n  display: flex;\n  justify-content: center;\n  align-items: center;\n  gap:50px;\n}\n#uc_neon_glowing_button_effect_elementor_2ffc066 .ue_neon_btn {\n  display: flex;\n  flex-direction:row;\n  justify-content: center;\n  align-items: center;\n  position: relative;\n  border-radius: 0px;\n  overflow:visible;\n  transition: 0.5s;\n}\n\n#uc_neon_glowing_button_effect_elementor_2ffc066 .ue_neon_btn:after {\n  content: '';\n  position: absolute;\n  box-sizing:content-box;\n  border-radius: calc(0px + 5px);\n  width: 100%;\n  height: 100%;\n  translate: -50% -50%;\n  left: 50%;\n  top: 50%;\n  z-index: -1;\n  animation: rotateuc_neon_glowing_button_effect_elementor_2ffc066 2000ms linear infinite;\n  padding: 5px;\n  --angle: 0deg;\n  filter: ;\n  background: conic-gradient(from var(--angle) ,\n          #ff003700 50deg,\n      #7CC051 360deg\n          );\n  transition: all 0.5s;\n}\n\n\n\n@property --angle {\n  syntax: '<angle>';\n  initial-value: 0deg;\n  inherits: false;\n}\n@property --hueuc_neon_glowing_button_effect_elementor_2ffc066 {\n  syntax: '<angle>';\n  initial-value: 0deg;\n  inherits: false;\n}\n@keyframes rotateuc_neon_glowing_button_effect_elementor_2ffc066 {\n  0% {\n    --angle: 0deg;\n       }\n  50% { \n      }\n  100% { \n    --angle: 360deg;\n      }\n}\n\n#uc_neon_glowing_button_effect_elementor_2ffc066 .ue_neon_btn:hover:before,\n#uc_neon_glowing_button_effect_elementor_2ffc066 .ue_neon_btn:hover:after{\n  opacity:0;\n}\n\n#uc_neon_glowing_button_effect_elementor_2ffc066 .ue-btn svg\n{\n  height:1em;\n  width:1em;\n}\n\n<\/style>\n\n<div id=\"uc_neon_glowing_button_effect_elementor_2ffc066\" class=\"ue_neon_btn_wrapper elementor-animation-grow-rotate\">\n  <a href=\"https:\/\/www.bleivevents.com\/fr\/book\/\"  class=\"ue_neon_btn\">\n        R\u00e9servez un pro\n      <\/a>\n<\/div>\n<!-- end Neon Glowing Button Effect -->\t\t\t\t<\/div>\n\t\t\t\t<\/div>\n\t\t\t\t<\/div>\n\t\t\t\t\t<\/div>\n\t\t\t\t<\/div>\n\t\t<div class=\"elementor-element elementor-element-768d1b9a elementor-hidden-desktop elementor-hidden-tablet e-flex e-con-boxed e-con e-parent\" data-id=\"768d1b9a\" data-element_type=\"container\" data-e-type=\"container\">\n\t\t\t\t\t<div class=\"e-con-inner\">\n\t\t\t\t<div class=\"elementor-element elementor-element-6e6a4a66 elementor-hidden-desktop elementor-hidden-tablet elementor-widget elementor-widget-ucaddon_uc_slider_image\" data-id=\"6e6a4a66\" data-element_type=\"widget\" data-e-type=\"widget\" data-widget_type=\"ucaddon_uc_slider_image.default\">\n\t\t\t\t<div class=\"elementor-widget-container\">\n\t\t\t\t\t\n<!-- start Slider Gallery -->\n\t\t<link id='unitegallery-css' href='https:\/\/www.bleivevents.com\/wp-content\/plugins\/unlimited-elements-for-elementor-premium\/assets_libraries\/unitegallery\/css\/unite-gallery.css' type='text\/css' rel='stylesheet' >\n\n<style>\/* widget: Slider Gallery *\/\n\n#uc_uc_slider_image_elementor_6e6a4a66{\n  overflow:hidden;\n}\n\n#uc_uc_slider_image_elementor_6e6a4a66-wrapper{\n  min-height:1px;\n}\n\n\n\n<\/style>\n\n<div id=\"uc_uc_slider_image_elementor_6e6a4a66-wrapper\">\n<div id=\"uc_uc_slider_image_elementor_6e6a4a66\" class=\"uc-items-wrapper\" style=\"display:none; margin:0 auto;\"  data-remote-type=\"gallery\" data-custom-sethtml=\"true\" >\n\n\n<img decoding=\"async\" alt=\"businessmen-suit-taking-notes-visit-international-headquarters-shareholders-meeting-corporate-ceo-attendance-executive-associate-doing-last-minute-changes-speech\"\n   data-src=\"https:\/\/www.bleivevents.com\/wp-content\/uploads\/2024\/09\/businessmen-suit-taking-notes-visit-international-headquarters-shareholders-meeting-corporate-ceo-attendance-executive-associate-doing-last-minute-changes-speech-768x432.jpg\"\n    data-image=\"https:\/\/www.bleivevents.com\/wp-content\/uploads\/2024\/09\/businessmen-suit-taking-notes-visit-international-headquarters-shareholders-meeting-corporate-ceo-attendance-executive-associate-doing-last-minute-changes-speech-1024x576.jpg\"\n    data-title=\"businessmen-suit-taking-notes-visit-international-headquarters-shareholders-meeting-corporate-ceo-attendance-executive-associate-doing-last-minute-changes-speech\" src=\"data:image\/gif;base64,R0lGODlhAQABAAAAACH5BAEKAAEALAAAAAABAAEAAAICTAEAOw==\" class=\"lazyload\" style=\"--smush-placeholder-width: 768px; --smush-placeholder-aspect-ratio: 768\/432;\">\n\n  \n<\/div>\n<\/div>\n<!-- end Slider Gallery -->\t\t\t\t<\/div>\n\t\t\t\t<\/div>\n\t\t\t\t\t<\/div>\n\t\t\t\t<\/div>\n\t\t<div class=\"elementor-element elementor-element-1cd28ba e-flex e-con-boxed e-con e-parent\" data-id=\"1cd28ba\" data-element_type=\"container\" data-e-type=\"container\">\n\t\t\t\t\t<div class=\"e-con-inner\">\n\t\t\t\t<div class=\"elementor-element elementor-element-f57313d elementor-hidden-mobile elementor-widget elementor-widget-ucaddon_uc_slider_image\" data-id=\"f57313d\" data-element_type=\"widget\" data-e-type=\"widget\" data-widget_type=\"ucaddon_uc_slider_image.default\">\n\t\t\t\t<div class=\"elementor-widget-container\">\n\t\t\t\t\t\n<!-- start Slider Gallery -->\n\n<style>\/* widget: Slider Gallery *\/\n\n#uc_uc_slider_image_elementor_f57313d{\n  overflow:hidden;\n}\n\n#uc_uc_slider_image_elementor_f57313d-wrapper{\n  min-height:1px;\n}\n\n\n\n<\/style>\n\n<div id=\"uc_uc_slider_image_elementor_f57313d-wrapper\">\n<div id=\"uc_uc_slider_image_elementor_f57313d\" class=\"uc-items-wrapper\" style=\"display:none; margin:0 auto;\"  data-remote-type=\"gallery\" data-custom-sethtml=\"true\" >\n\n\n<img decoding=\"async\" alt=\"businessmen-suit-taking-notes-visit-international-headquarters-shareholders-meeting-corporate-ceo-attendance-executive-associate-doing-last-minute-changes-speech\"\n   data-src=\"https:\/\/www.bleivevents.com\/wp-content\/uploads\/2024\/09\/businessmen-suit-taking-notes-visit-international-headquarters-shareholders-meeting-corporate-ceo-attendance-executive-associate-doing-last-minute-changes-speech-768x432.jpg\"\n    data-image=\"https:\/\/www.bleivevents.com\/wp-content\/uploads\/2024\/09\/businessmen-suit-taking-notes-visit-international-headquarters-shareholders-meeting-corporate-ceo-attendance-executive-associate-doing-last-minute-changes-speech-1024x576.jpg\"\n    data-title=\"businessmen-suit-taking-notes-visit-international-headquarters-shareholders-meeting-corporate-ceo-attendance-executive-associate-doing-last-minute-changes-speech\" src=\"data:image\/gif;base64,R0lGODlhAQABAAAAACH5BAEKAAEALAAAAAABAAEAAAICTAEAOw==\" class=\"lazyload\" style=\"--smush-placeholder-width: 768px; --smush-placeholder-aspect-ratio: 768\/432;\">\n\n  \n<\/div>\n<\/div>\n<!-- end Slider Gallery -->\t\t\t\t<\/div>\n\t\t\t\t<\/div>\n\t\t\t\t\t<\/div>\n\t\t\t\t<\/div>\n\t\t\t\t<\/div>","protected":false},"excerpt":{"rendered":"<p>Bus Boy Hire your Busboy Keep your event space clean and organized with our reliable busboys. Our attentive staff will promptly clear tables, refill glasses, and maintain a tidy environment throughout your event. Book a Pro now<\/p>","protected":false},"author":1,"featured_media":0,"parent":0,"menu_order":0,"comment_status":"closed","ping_status":"closed","template":"","meta":{"footnotes":""},"class_list":["post-85","page","type-page","status-publish","hentry"],"_links":{"self":[{"href":"https:\/\/www.bleivevents.com\/fr\/wp-json\/wp\/v2\/pages\/85","targetHints":{"allow":["GET"]}}],"collection":[{"href":"https:\/\/www.bleivevents.com\/fr\/wp-json\/wp\/v2\/pages"}],"about":[{"href":"https:\/\/www.bleivevents.com\/fr\/wp-json\/wp\/v2\/types\/page"}],"author":[{"embeddable":true,"href":"https:\/\/www.bleivevents.com\/fr\/wp-json\/wp\/v2\/users\/1"}],"replies":[{"embeddable":true,"href":"https:\/\/www.bleivevents.com\/fr\/wp-json\/wp\/v2\/comments?post=85"}],"version-history":[{"count":0,"href":"https:\/\/www.bleivevents.com\/fr\/wp-json\/wp\/v2\/pages\/85\/revisions"}],"wp:attachment":[{"href":"https:\/\/www.bleivevents.com\/fr\/wp-json\/wp\/v2\/media?parent=85"}],"curies":[{"name":"wp","href":"https:\/\/api.w.org\/{rel}","templated":true}]}}