{"id":81,"date":"2024-09-20T13:07:37","date_gmt":"2024-09-20T13:07:37","guid":{"rendered":"https:\/\/www.bleivevents.com\/?page_id=81"},"modified":"2024-11-10T04:29:58","modified_gmt":"2024-11-10T04:29:58","slug":"bar-management","status":"publish","type":"page","link":"https:\/\/www.bleivevents.com\/fr\/bar-management\/","title":{"rendered":"Gestion de Bar"},"content":{"rendered":"<div data-elementor-type=\"wp-page\" data-elementor-id=\"81\" class=\"elementor elementor-81\" data-elementor-post-type=\"page\">\n\t\t\t\t<div class=\"elementor-element elementor-element-48e5238b e-con-full e-flex e-con e-parent\" data-id=\"48e5238b\" data-element_type=\"container\" data-e-type=\"container\" data-settings=\"{&quot;background_background&quot;:&quot;classic&quot;}\">\n\t\t<div class=\"elementor-element elementor-element-7f1d00eb e-con-full e-flex e-con e-child\" data-id=\"7f1d00eb\" data-element_type=\"container\" data-e-type=\"container\">\n\t\t\t\t<div class=\"elementor-element elementor-element-4a20af9a elementor-widget-tablet__width-initial elementor-widget elementor-widget-image\" data-id=\"4a20af9a\" data-element_type=\"widget\" data-e-type=\"widget\" data-widget_type=\"image.default\">\n\t\t\t\t<div class=\"elementor-widget-container\">\n\t\t\t\t\t\t\t\t\t\t\t\t\t\t\t<img fetchpriority=\"high\" decoding=\"async\" width=\"1080\" height=\"1075\" src=\"https:\/\/www.bleivevents.com\/wp-content\/uploads\/2024\/10\/c424478d-7a8d-415a-b837-f21bf14ea4c5.jpg\" class=\"attachment-full size-full wp-image-1632\" alt=\"\" srcset=\"https:\/\/www.bleivevents.com\/wp-content\/uploads\/2024\/10\/c424478d-7a8d-415a-b837-f21bf14ea4c5.jpg 1080w, https:\/\/www.bleivevents.com\/wp-content\/uploads\/2024\/10\/c424478d-7a8d-415a-b837-f21bf14ea4c5-300x300.jpg 300w, https:\/\/www.bleivevents.com\/wp-content\/uploads\/2024\/10\/c424478d-7a8d-415a-b837-f21bf14ea4c5-1024x1019.jpg 1024w, https:\/\/www.bleivevents.com\/wp-content\/uploads\/2024\/10\/c424478d-7a8d-415a-b837-f21bf14ea4c5-150x150.jpg 150w, https:\/\/www.bleivevents.com\/wp-content\/uploads\/2024\/10\/c424478d-7a8d-415a-b837-f21bf14ea4c5-768x764.jpg 768w\" sizes=\"(max-width: 1080px) 100vw, 1080px\" \/>\t\t\t\t\t\t\t\t\t\t\t\t\t\t\t<\/div>\n\t\t\t\t<\/div>\n\t\t\t\t<\/div>\n\t\t<div class=\"elementor-element elementor-element-2ef8aca2 e-con-full e-flex e-con e-child\" data-id=\"2ef8aca2\" data-element_type=\"container\" data-e-type=\"container\">\n\t\t\t\t<div class=\"elementor-element elementor-element-570e7275 elementor-widget elementor-widget-ucaddon_dual_color_heading\" data-id=\"570e7275\" data-element_type=\"widget\" data-e-type=\"widget\" data-widget_type=\"ucaddon_dual_color_heading.default\">\n\t\t\t\t<div class=\"elementor-widget-container\">\n\t\t\t\t\t\n<!-- start Dual Color Heading -->\n\n<div class=\"ue-dual-color-heading\">\n  <div>\n    <span class=\"ue-title-one\"><\/span> <span class=\"ue-title-two\">Gestion de Bar<\/span>\n  <\/div>\n<\/div>\n<!-- end Dual Color Heading -->\t\t\t\t<\/div>\n\t\t\t\t<\/div>\n\t\t\t\t<\/div>\n\t\t\t\t<\/div>\n\t\t<div class=\"elementor-element elementor-element-53c85fcd e-flex e-con-boxed e-con e-parent\" data-id=\"53c85fcd\" data-element_type=\"container\" data-e-type=\"container\">\n\t\t\t\t\t<div class=\"e-con-inner\">\n\t\t<div class=\"elementor-element elementor-element-17ce601d e-con-full e-flex e-con e-child\" data-id=\"17ce601d\" data-element_type=\"container\" data-e-type=\"container\">\n\t\t\t\t<div class=\"elementor-element elementor-element-1207298d elementor-widget elementor-widget-ucaddon_side_border_heading\" data-id=\"1207298d\" data-element_type=\"widget\" data-e-type=\"widget\" data-widget_type=\"ucaddon_side_border_heading.default\">\n\t\t\t\t<div class=\"elementor-widget-container\">\n\t\t\t\t\t\n<!-- start Side Line Heading -->\n<style>\/* widget: Side Line Heading *\/\n\n#uc_side_border_heading_elementor_1207298d\n{\n  display:flex;\n}\n\n#uc_side_border_heading_elementor_1207298d .side_border_heading_title\n{\n  color:black;\n}\n\n#uc_side_border_heading_elementor_1207298d .side_border_heading_subtitle\n{\n  line-height:1.5em;\n  color:gray;\n}\n#uc_side_border_heading_elementor_1207298d .side_border_heading_line_holder{\nflex-shrink: 0;\n}\n\n#uc_side_border_heading_elementor_1207298d .side_border_heading_line_spacer{\nflex-shrink: 0;\n}\n\n<\/style>\n\n<div id=\"uc_side_border_heading_elementor_1207298d\">\n  <div class=\"side_border_heading_line_holder\"><div class=\"side_border_heading_line\" style=\"background-color:#D3B574;\"><\/div><\/div>\n  <div class=\"side_border_heading_line_spacer\"><\/div>\n  <div>\n    <div class=\"side_border_heading_title\"><span  class=\"uc_style_side_border_heading_elementor_title\" style=\"color:#7CC051;\">Obtenez le meilleur service de gestion de bar<\/span><\/div>\n    <div class=\"side_border_heading_subtitle\"><span  class=\"uc_style_side_border_heading_elementor_subtitle\" style=\"color:#22216B;\">Laissez notre \u00e9quipe exp\u00e9riment\u00e9e g\u00e9rer tous les aspects de vos op\u00e9rations de bar. De la gestion des stocks et la formation du personnel \u00e0 la cr\u00e9ation de cocktails et au service, nous assurerons une exp\u00e9rience de bar fluide et efficace.<\/span><\/div>\n  <\/div>\n<\/div>\n<!-- end Side Line Heading -->\t\t\t\t<\/div>\n\t\t\t\t<\/div>\n\t\t\t\t<div class=\"elementor-element elementor-element-93871af elementor-widget elementor-widget-text-editor\" data-id=\"93871af\" data-element_type=\"widget\" data-e-type=\"widget\" data-widget_type=\"text-editor.default\">\n\t\t\t\t<div class=\"elementor-widget-container\">\n\t\t\t\t\t\t\t\t\t<p>Chez Bleiv Event Management, nous nous engageons \u00e0 rendre votre \u00e9v\u00e9nement inoubliable. Notre service de bar mobile est disponible sur demande pour amener votre \u00e9v\u00e9nement au niveau sup\u00e9rieur.<\/p>\t\t\t\t\t\t\t\t<\/div>\n\t\t\t\t<\/div>\n\t\t\t\t<div class=\"elementor-element elementor-element-5dfb279 elementor-widget elementor-widget-ucaddon_neon_glowing_button_effect\" data-id=\"5dfb279\" data-element_type=\"widget\" data-e-type=\"widget\" data-widget_type=\"ucaddon_neon_glowing_button_effect.default\">\n\t\t\t\t<div class=\"elementor-widget-container\">\n\t\t\t\t\t\n<!-- start Neon Glowing Button Effect -->\n\t\t<link id='font-awesome-css' href='https:\/\/www.bleivevents.com\/wp-content\/plugins\/unlimited-elements-for-elementor-premium\/assets_libraries\/font-awesome6\/fontawesome-all.min.css' type='text\/css' rel='stylesheet' >\n\t\t<link id='font-awesome-4-shim-css' href='https:\/\/www.bleivevents.com\/wp-content\/plugins\/unlimited-elements-for-elementor-premium\/assets_libraries\/font-awesome6\/fontawesome-v4-shims.min.css' type='text\/css' rel='stylesheet' >\n\n<style>\/* widget: Neon Glowing Button Effect *\/\n\n#uc_neon_glowing_button_effect_elementor_5dfb279{\n  position: relative;\n  z-index:1;\n}\n#uc_neon_glowing_button_effect_elementor_5dfb279 *{\n    margin: 0;\n}\n#uc_neon_glowing_button_effect_elementor_5dfb279.ue_neon_btn_wrapper{\n  display: flex;\n  justify-content: center;\n  align-items: center;\n  gap:50px;\n}\n#uc_neon_glowing_button_effect_elementor_5dfb279 .ue_neon_btn {\n  display: flex;\n  flex-direction:row;\n  justify-content: center;\n  align-items: center;\n  position: relative;\n  border-radius: 0px;\n  overflow:visible;\n  transition: 0.5s;\n}\n\n#uc_neon_glowing_button_effect_elementor_5dfb279 .ue_neon_btn:after {\n  content: '';\n  position: absolute;\n  box-sizing:content-box;\n  border-radius: calc(0px + 5px);\n  width: 100%;\n  height: 100%;\n  translate: -50% -50%;\n  left: 50%;\n  top: 50%;\n  z-index: -1;\n  animation: rotateuc_neon_glowing_button_effect_elementor_5dfb279 2000ms linear infinite;\n  padding: 5px;\n  --angle: 0deg;\n  filter: ;\n  background: conic-gradient(from var(--angle) ,\n          #ff003700 50deg,\n      #7CC051 360deg\n          );\n  transition: all 0.5s;\n}\n\n\n\n@property --angle {\n  syntax: '<angle>';\n  initial-value: 0deg;\n  inherits: false;\n}\n@property --hueuc_neon_glowing_button_effect_elementor_5dfb279 {\n  syntax: '<angle>';\n  initial-value: 0deg;\n  inherits: false;\n}\n@keyframes rotateuc_neon_glowing_button_effect_elementor_5dfb279 {\n  0% {\n    --angle: 0deg;\n       }\n  50% { \n      }\n  100% { \n    --angle: 360deg;\n      }\n}\n\n#uc_neon_glowing_button_effect_elementor_5dfb279 .ue_neon_btn:hover:before,\n#uc_neon_glowing_button_effect_elementor_5dfb279 .ue_neon_btn:hover:after{\n  opacity:0;\n}\n\n#uc_neon_glowing_button_effect_elementor_5dfb279 .ue-btn svg\n{\n  height:1em;\n  width:1em;\n}\n\n<\/style>\n\n<div id=\"uc_neon_glowing_button_effect_elementor_5dfb279\" class=\"ue_neon_btn_wrapper elementor-animation-grow-rotate\">\n  <a href=\"https:\/\/www.bleivevents.com\/fr\/book\/\"  class=\"ue_neon_btn\">\n        R\u00e9servez un pro\n      <\/a>\n<\/div>\n<!-- end Neon Glowing Button Effect -->\t\t\t\t<\/div>\n\t\t\t\t<\/div>\n\t\t\t\t<\/div>\n\t\t\t\t\t<\/div>\n\t\t\t\t<\/div>\n\t\t<div class=\"elementor-element elementor-element-78d85388 e-flex e-con-boxed e-con e-parent\" data-id=\"78d85388\" data-element_type=\"container\" data-e-type=\"container\">\n\t\t\t\t\t<div class=\"e-con-inner\">\n\t\t\t\t<div class=\"elementor-element elementor-element-121a7a78 elementor-widget elementor-widget-ucaddon_uc_slider_image\" data-id=\"121a7a78\" data-element_type=\"widget\" data-e-type=\"widget\" data-widget_type=\"ucaddon_uc_slider_image.default\">\n\t\t\t\t<div class=\"elementor-widget-container\">\n\t\t\t\t\t\n<!-- start Slider Gallery -->\n\t\t<link id='unitegallery-css' href='https:\/\/www.bleivevents.com\/wp-content\/plugins\/unlimited-elements-for-elementor-premium\/assets_libraries\/unitegallery\/css\/unite-gallery.css' type='text\/css' rel='stylesheet' >\n\n<style>\/* widget: Slider Gallery *\/\n\n#uc_uc_slider_image_elementor_121a7a78{\n  overflow:hidden;\n}\n\n#uc_uc_slider_image_elementor_121a7a78-wrapper{\n  min-height:1px;\n}\n\n\n\n<\/style>\n\n<div id=\"uc_uc_slider_image_elementor_121a7a78-wrapper\">\n<div id=\"uc_uc_slider_image_elementor_121a7a78\" class=\"uc-items-wrapper\" style=\"display:none; margin:0 auto;\"  data-remote-type=\"gallery\" data-custom-sethtml=\"true\" >\n\n\n<img decoding=\"async\" alt=\"a702ca27-74d3-4f56-86d3-bc2b4d02b003\"\n   data-src=\"https:\/\/www.bleivevents.com\/wp-content\/uploads\/2024\/10\/a702ca27-74d3-4f56-86d3-bc2b4d02b003-768x575.jpg\"\n    data-image=\"https:\/\/www.bleivevents.com\/wp-content\/uploads\/2024\/10\/a702ca27-74d3-4f56-86d3-bc2b4d02b003-1024x767.jpg\"\n    data-title=\"a702ca27-74d3-4f56-86d3-bc2b4d02b003\" src=\"data:image\/gif;base64,R0lGODlhAQABAAAAACH5BAEKAAEALAAAAAABAAEAAAICTAEAOw==\" class=\"lazyload\" style=\"--smush-placeholder-width: 768px; --smush-placeholder-aspect-ratio: 768\/575;\">\n\n<img decoding=\"async\" alt=\"c424478d-7a8d-415a-b837-f21bf14ea4c5\"\n   data-src=\"https:\/\/www.bleivevents.com\/wp-content\/uploads\/2024\/10\/c424478d-7a8d-415a-b837-f21bf14ea4c5-1-768x764.jpg\"\n    data-image=\"https:\/\/www.bleivevents.com\/wp-content\/uploads\/2024\/10\/c424478d-7a8d-415a-b837-f21bf14ea4c5-1-1024x1019.jpg\"\n    data-title=\"c424478d-7a8d-415a-b837-f21bf14ea4c5\" src=\"data:image\/gif;base64,R0lGODlhAQABAAAAACH5BAEKAAEALAAAAAABAAEAAAICTAEAOw==\" class=\"lazyload\" style=\"--smush-placeholder-width: 768px; --smush-placeholder-aspect-ratio: 768\/764;\">\n\n<img decoding=\"async\" alt=\"1ffa82fe-666e-40ff-8865-49ebe2b0a96c\"\n   data-src=\"https:\/\/www.bleivevents.com\/wp-content\/uploads\/2024\/10\/1ffa82fe-666e-40ff-8865-49ebe2b0a96c-768x786.jpg\"\n    data-image=\"https:\/\/www.bleivevents.com\/wp-content\/uploads\/2024\/10\/1ffa82fe-666e-40ff-8865-49ebe2b0a96c-1000x1024.jpg\"\n    data-title=\"1ffa82fe-666e-40ff-8865-49ebe2b0a96c\" src=\"data:image\/gif;base64,R0lGODlhAQABAAAAACH5BAEKAAEALAAAAAABAAEAAAICTAEAOw==\" class=\"lazyload\" style=\"--smush-placeholder-width: 768px; --smush-placeholder-aspect-ratio: 768\/786;\">\n\n<img decoding=\"async\" alt=\"440e0667-87f3-471d-b657-fb132d23b2c6\"\n   data-src=\"https:\/\/www.bleivevents.com\/wp-content\/uploads\/2024\/10\/440e0667-87f3-471d-b657-fb132d23b2c6-1-768x767.jpg\"\n    data-image=\"https:\/\/www.bleivevents.com\/wp-content\/uploads\/2024\/10\/440e0667-87f3-471d-b657-fb132d23b2c6-1-1024x1024.jpg\"\n    data-title=\"440e0667-87f3-471d-b657-fb132d23b2c6\" src=\"data:image\/gif;base64,R0lGODlhAQABAAAAACH5BAEKAAEALAAAAAABAAEAAAICTAEAOw==\" class=\"lazyload\" style=\"--smush-placeholder-width: 768px; --smush-placeholder-aspect-ratio: 768\/767;\">\n\n<img decoding=\"async\" alt=\"32e9aa55-2caa-45e3-a5ca-659acbeb2ddc\"\n   data-src=\"https:\/\/www.bleivevents.com\/wp-content\/uploads\/2024\/10\/32e9aa55-2caa-45e3-a5ca-659acbeb2ddc-768x767.jpg\"\n    data-image=\"https:\/\/www.bleivevents.com\/wp-content\/uploads\/2024\/10\/32e9aa55-2caa-45e3-a5ca-659acbeb2ddc-1024x1024.jpg\"\n    data-title=\"32e9aa55-2caa-45e3-a5ca-659acbeb2ddc\" src=\"data:image\/gif;base64,R0lGODlhAQABAAAAACH5BAEKAAEALAAAAAABAAEAAAICTAEAOw==\" class=\"lazyload\" style=\"--smush-placeholder-width: 768px; --smush-placeholder-aspect-ratio: 768\/767;\">\n\n  \n<\/div>\n<\/div>\n<!-- end Slider Gallery -->\t\t\t\t<\/div>\n\t\t\t\t<\/div>\n\t\t\t\t\t<\/div>\n\t\t\t\t<\/div>\n\t\t\t\t<\/div>","protected":false},"excerpt":{"rendered":"<p>Bar Management Get the best Bar Management service Let our experienced team handle all aspects of your bar operations. From inventory management and staff training to cocktail creation and service, we&#8217;ll ensure a seamless and efficient bar experience. At Bleiv Event Management, we are committed to making your event unforgettable. Our Mobile Bar service is [&hellip;]<\/p>\n","protected":false},"author":1,"featured_media":0,"parent":0,"menu_order":0,"comment_status":"closed","ping_status":"closed","template":"","meta":{"footnotes":""},"class_list":["post-81","page","type-page","status-publish","hentry"],"_links":{"self":[{"href":"https:\/\/www.bleivevents.com\/fr\/wp-json\/wp\/v2\/pages\/81","targetHints":{"allow":["GET"]}}],"collection":[{"href":"https:\/\/www.bleivevents.com\/fr\/wp-json\/wp\/v2\/pages"}],"about":[{"href":"https:\/\/www.bleivevents.com\/fr\/wp-json\/wp\/v2\/types\/page"}],"author":[{"embeddable":true,"href":"https:\/\/www.bleivevents.com\/fr\/wp-json\/wp\/v2\/users\/1"}],"replies":[{"embeddable":true,"href":"https:\/\/www.bleivevents.com\/fr\/wp-json\/wp\/v2\/comments?post=81"}],"version-history":[{"count":0,"href":"https:\/\/www.bleivevents.com\/fr\/wp-json\/wp\/v2\/pages\/81\/revisions"}],"wp:attachment":[{"href":"https:\/\/www.bleivevents.com\/fr\/wp-json\/wp\/v2\/media?parent=81"}],"curies":[{"name":"wp","href":"https:\/\/api.w.org\/{rel}","templated":true}]}}