{"id":690,"date":"2024-09-24T14:29:02","date_gmt":"2024-09-24T14:29:02","guid":{"rendered":"https:\/\/www.bleivevents.com\/?page_id=690"},"modified":"2024-11-10T03:04:47","modified_gmt":"2024-11-10T03:04:47","slug":"vip-management","status":"publish","type":"page","link":"https:\/\/www.bleivevents.com\/fr\/vip-management\/","title":{"rendered":"VIP Management&#8217;"},"content":{"rendered":"<div data-elementor-type=\"wp-page\" data-elementor-id=\"690\" class=\"elementor elementor-690\" data-elementor-post-type=\"page\">\n\t\t\t\t<div class=\"elementor-element elementor-element-20834101 e-con-full e-flex e-con e-parent\" data-id=\"20834101\" data-element_type=\"container\" data-e-type=\"container\" data-settings=\"{&quot;background_background&quot;:&quot;classic&quot;}\">\n\t\t<div class=\"elementor-element elementor-element-288b9795 e-con-full e-flex e-con e-child\" data-id=\"288b9795\" data-element_type=\"container\" data-e-type=\"container\">\n\t\t\t\t<div class=\"elementor-element elementor-element-1064502b elementor-widget-tablet__width-initial elementor-widget elementor-widget-image\" data-id=\"1064502b\" data-element_type=\"widget\" data-e-type=\"widget\" data-widget_type=\"image.default\">\n\t\t\t\t<div class=\"elementor-widget-container\">\n\t\t\t\t\t\t\t\t\t\t\t\t\t\t\t<img fetchpriority=\"high\" decoding=\"async\" width=\"1078\" height=\"1157\" src=\"https:\/\/www.bleivevents.com\/wp-content\/uploads\/2024\/10\/aac37b03-55a7-4375-8341-4ddcc60b8281.jpg\" class=\"attachment-full size-full wp-image-1667\" alt=\"\" srcset=\"https:\/\/www.bleivevents.com\/wp-content\/uploads\/2024\/10\/aac37b03-55a7-4375-8341-4ddcc60b8281.jpg 1078w, https:\/\/www.bleivevents.com\/wp-content\/uploads\/2024\/10\/aac37b03-55a7-4375-8341-4ddcc60b8281-280x300.jpg 280w, https:\/\/www.bleivevents.com\/wp-content\/uploads\/2024\/10\/aac37b03-55a7-4375-8341-4ddcc60b8281-954x1024.jpg 954w, https:\/\/www.bleivevents.com\/wp-content\/uploads\/2024\/10\/aac37b03-55a7-4375-8341-4ddcc60b8281-768x824.jpg 768w\" sizes=\"(max-width: 1078px) 100vw, 1078px\" \/>\t\t\t\t\t\t\t\t\t\t\t\t\t\t\t<\/div>\n\t\t\t\t<\/div>\n\t\t\t\t<\/div>\n\t\t<div class=\"elementor-element elementor-element-5c2ffab6 e-con-full e-flex e-con e-child\" data-id=\"5c2ffab6\" data-element_type=\"container\" data-e-type=\"container\">\n\t\t\t\t<div class=\"elementor-element elementor-element-52e48827 elementor-widget elementor-widget-ucaddon_dual_color_heading\" data-id=\"52e48827\" data-element_type=\"widget\" data-e-type=\"widget\" data-widget_type=\"ucaddon_dual_color_heading.default\">\n\t\t\t\t<div class=\"elementor-widget-container\">\n\t\t\t\t\t\n<!-- start Dual Color Heading -->\n\n<div class=\"ue-dual-color-heading\">\n  <div>\n    <span class=\"ue-title-one\"><\/span> <span class=\"ue-title-two\">Gestion VIP<\/span>\n  <\/div>\n<\/div>\n<!-- end Dual Color Heading -->\t\t\t\t<\/div>\n\t\t\t\t<\/div>\n\t\t\t\t<\/div>\n\t\t\t\t<\/div>\n\t\t<div class=\"elementor-element elementor-element-669c5b32 e-flex e-con-boxed e-con e-parent\" data-id=\"669c5b32\" data-element_type=\"container\" data-e-type=\"container\">\n\t\t\t\t\t<div class=\"e-con-inner\">\n\t\t<div class=\"elementor-element elementor-element-401410ea e-con-full e-flex e-con e-child\" data-id=\"401410ea\" data-element_type=\"container\" data-e-type=\"container\">\n\t\t\t\t<div class=\"elementor-element elementor-element-303ccce8 elementor-widget elementor-widget-ucaddon_side_border_heading\" data-id=\"303ccce8\" data-element_type=\"widget\" data-e-type=\"widget\" data-widget_type=\"ucaddon_side_border_heading.default\">\n\t\t\t\t<div class=\"elementor-widget-container\">\n\t\t\t\t\t\n<!-- start Side Line Heading -->\n<style>\/* widget: Side Line Heading *\/\n\n#uc_side_border_heading_elementor_303ccce8\n{\n  display:flex;\n}\n\n#uc_side_border_heading_elementor_303ccce8 .side_border_heading_title\n{\n  color:black;\n}\n\n#uc_side_border_heading_elementor_303ccce8 .side_border_heading_subtitle\n{\n  line-height:1.5em;\n  color:gray;\n}\n#uc_side_border_heading_elementor_303ccce8 .side_border_heading_line_holder{\nflex-shrink: 0;\n}\n\n#uc_side_border_heading_elementor_303ccce8 .side_border_heading_line_spacer{\nflex-shrink: 0;\n}\n\n<\/style>\n\n<div id=\"uc_side_border_heading_elementor_303ccce8\">\n  <div class=\"side_border_heading_line_holder\"><div class=\"side_border_heading_line\" style=\"background-color:#D3B574;\"><\/div><\/div>\n  <div class=\"side_border_heading_line_spacer\"><\/div>\n  <div>\n    <div class=\"side_border_heading_title\"><span  class=\"uc_style_side_border_heading_elementor_title\" style=\"color:#7CC051;\">Gestion VIP<\/span><\/div>\n    <div class=\"side_border_heading_subtitle\"><span  class=\"uc_style_side_border_heading_elementor_subtitle\" style=\"color:#22216B;\">\u00c9levez vos \u00e9v\u00e9nements gr\u00e2ce \u00e0 notre gestion VIP personnalis\u00e9e. Profitez d\u2019un acc\u00e8s\nexclusif, d\u2019\u00e9quipements haut de gamme et d\u2019un service in\u00e9gal\u00e9. Faites-en sorte que vos\ninvit\u00e9s soient re\u00e7us en VIP gr\u00e2ce \u00e0 nos services de gestion d\u2019\u00e9v\u00e9nements sur mesure.\nDes salons exclusifs \u00e0 un concierge personnalis\u00e9, nous nous occupons de tout.<\/span><\/div>\n  <\/div>\n<\/div>\n<!-- end Side Line Heading -->\t\t\t\t<\/div>\n\t\t\t\t<\/div>\n\t\t\t\t<div class=\"elementor-element elementor-element-25b2548 elementor-widget elementor-widget-ucaddon_neon_glowing_button_effect\" data-id=\"25b2548\" data-element_type=\"widget\" data-e-type=\"widget\" data-widget_type=\"ucaddon_neon_glowing_button_effect.default\">\n\t\t\t\t<div class=\"elementor-widget-container\">\n\t\t\t\t\t\n<!-- start Neon Glowing Button Effect -->\n\t\t<link id='font-awesome-css' href='https:\/\/www.bleivevents.com\/wp-content\/plugins\/unlimited-elements-for-elementor-premium\/assets_libraries\/font-awesome6\/fontawesome-all.min.css' type='text\/css' rel='stylesheet' >\n\t\t<link id='font-awesome-4-shim-css' href='https:\/\/www.bleivevents.com\/wp-content\/plugins\/unlimited-elements-for-elementor-premium\/assets_libraries\/font-awesome6\/fontawesome-v4-shims.min.css' type='text\/css' rel='stylesheet' >\n\n<style>\/* widget: Neon Glowing Button Effect *\/\n\n#uc_neon_glowing_button_effect_elementor_25b2548{\n  position: relative;\n  z-index:1;\n}\n#uc_neon_glowing_button_effect_elementor_25b2548 *{\n    margin: 0;\n}\n#uc_neon_glowing_button_effect_elementor_25b2548.ue_neon_btn_wrapper{\n  display: flex;\n  justify-content: center;\n  align-items: center;\n  gap:50px;\n}\n#uc_neon_glowing_button_effect_elementor_25b2548 .ue_neon_btn {\n  display: flex;\n  flex-direction:row;\n  justify-content: center;\n  align-items: center;\n  position: relative;\n  border-radius: 0px;\n  overflow:visible;\n  transition: 0.5s;\n}\n\n#uc_neon_glowing_button_effect_elementor_25b2548 .ue_neon_btn:after {\n  content: '';\n  position: absolute;\n  box-sizing:content-box;\n  border-radius: calc(0px + 5px);\n  width: 100%;\n  height: 100%;\n  translate: -50% -50%;\n  left: 50%;\n  top: 50%;\n  z-index: -1;\n  animation: rotateuc_neon_glowing_button_effect_elementor_25b2548 2000ms linear infinite;\n  padding: 5px;\n  --angle: 0deg;\n  filter: ;\n  background: conic-gradient(from var(--angle) ,\n          #ff003700 50deg,\n      #7CC051 360deg\n          );\n  transition: all 0.5s;\n}\n\n\n\n@property --angle {\n  syntax: '<angle>';\n  initial-value: 0deg;\n  inherits: false;\n}\n@property --hueuc_neon_glowing_button_effect_elementor_25b2548 {\n  syntax: '<angle>';\n  initial-value: 0deg;\n  inherits: false;\n}\n@keyframes rotateuc_neon_glowing_button_effect_elementor_25b2548 {\n  0% {\n    --angle: 0deg;\n       }\n  50% { \n      }\n  100% { \n    --angle: 360deg;\n      }\n}\n\n#uc_neon_glowing_button_effect_elementor_25b2548 .ue_neon_btn:hover:before,\n#uc_neon_glowing_button_effect_elementor_25b2548 .ue_neon_btn:hover:after{\n  opacity:0;\n}\n\n#uc_neon_glowing_button_effect_elementor_25b2548 .ue-btn svg\n{\n  height:1em;\n  width:1em;\n}\n\n<\/style>\n\n<div id=\"uc_neon_glowing_button_effect_elementor_25b2548\" class=\"ue_neon_btn_wrapper elementor-animation-grow-rotate\">\n  <a href=\"https:\/\/www.bleivevents.com\/fr\/book\/\"  class=\"ue_neon_btn\">\n        R\u00e9servez un pro\n      <\/a>\n<\/div>\n<!-- end Neon Glowing Button Effect -->\t\t\t\t<\/div>\n\t\t\t\t<\/div>\n\t\t\t\t<\/div>\n\t\t\t\t\t<\/div>\n\t\t\t\t<\/div>\n\t\t<div class=\"elementor-element elementor-element-6ac96766 e-flex e-con-boxed e-con e-parent\" data-id=\"6ac96766\" data-element_type=\"container\" data-e-type=\"container\">\n\t\t\t\t\t<div class=\"e-con-inner\">\n\t\t\t\t<div class=\"elementor-element elementor-element-59670a elementor-hidden-mobile elementor-widget elementor-widget-ucaddon_uc_slider_image\" data-id=\"59670a\" data-element_type=\"widget\" data-e-type=\"widget\" data-widget_type=\"ucaddon_uc_slider_image.default\">\n\t\t\t\t<div class=\"elementor-widget-container\">\n\t\t\t\t\t\n<!-- start Slider Gallery -->\n\t\t<link id='unitegallery-css' href='https:\/\/www.bleivevents.com\/wp-content\/plugins\/unlimited-elements-for-elementor-premium\/assets_libraries\/unitegallery\/css\/unite-gallery.css' type='text\/css' rel='stylesheet' >\n\n<style>\/* widget: Slider Gallery *\/\n\n#uc_uc_slider_image_elementor_59670a{\n  overflow:hidden;\n}\n\n#uc_uc_slider_image_elementor_59670a-wrapper{\n  min-height:1px;\n}\n\n\n\n<\/style>\n\n<div id=\"uc_uc_slider_image_elementor_59670a-wrapper\">\n<div id=\"uc_uc_slider_image_elementor_59670a\" class=\"uc-items-wrapper\" style=\"display:none; margin:0 auto;\"  data-remote-type=\"gallery\" data-custom-sethtml=\"true\" >\n\n\n<img decoding=\"async\" alt=\"aac37b03-55a7-4375-8341-4ddcc60b8281\"\n   data-src=\"https:\/\/www.bleivevents.com\/wp-content\/uploads\/2024\/10\/aac37b03-55a7-4375-8341-4ddcc60b8281-2-768x824.jpg\"\n    data-image=\"https:\/\/www.bleivevents.com\/wp-content\/uploads\/2024\/10\/aac37b03-55a7-4375-8341-4ddcc60b8281-2-954x1024.jpg\"\n    data-title=\"aac37b03-55a7-4375-8341-4ddcc60b8281\" src=\"data:image\/gif;base64,R0lGODlhAQABAAAAACH5BAEKAAEALAAAAAABAAEAAAICTAEAOw==\" class=\"lazyload\" style=\"--smush-placeholder-width: 768px; --smush-placeholder-aspect-ratio: 768\/824;\">\n\n<img decoding=\"async\" alt=\"a507d19d-ed48-4b6d-872d-e10a2f1ebd25\"\n   data-src=\"https:\/\/www.bleivevents.com\/wp-content\/uploads\/2024\/10\/a507d19d-ed48-4b6d-872d-e10a2f1ebd25-2-768x767.jpg\"\n    data-image=\"https:\/\/www.bleivevents.com\/wp-content\/uploads\/2024\/10\/a507d19d-ed48-4b6d-872d-e10a2f1ebd25-2-1024x1024.jpg\"\n    data-title=\"a507d19d-ed48-4b6d-872d-e10a2f1ebd25\" src=\"data:image\/gif;base64,R0lGODlhAQABAAAAACH5BAEKAAEALAAAAAABAAEAAAICTAEAOw==\" class=\"lazyload\" style=\"--smush-placeholder-width: 768px; --smush-placeholder-aspect-ratio: 768\/767;\">\n\n  \n<\/div>\n<\/div>\n<!-- end Slider Gallery -->\t\t\t\t<\/div>\n\t\t\t\t<\/div>\n\t\t\t\t\t<\/div>\n\t\t\t\t<\/div>\n\t\t<div class=\"elementor-element elementor-element-ee7fa4c elementor-hidden-desktop elementor-hidden-tablet e-flex e-con-boxed e-con e-parent\" data-id=\"ee7fa4c\" data-element_type=\"container\" data-e-type=\"container\">\n\t\t\t\t\t<div class=\"e-con-inner\">\n\t\t\t\t<div class=\"elementor-element elementor-element-727f6ad elementor-widget elementor-widget-ucaddon_uc_slider_image\" data-id=\"727f6ad\" data-element_type=\"widget\" data-e-type=\"widget\" data-widget_type=\"ucaddon_uc_slider_image.default\">\n\t\t\t\t<div class=\"elementor-widget-container\">\n\t\t\t\t\t\n<!-- start Slider Gallery -->\n\n<style>\/* widget: Slider Gallery *\/\n\n#uc_uc_slider_image_elementor_727f6ad{\n  overflow:hidden;\n}\n\n#uc_uc_slider_image_elementor_727f6ad-wrapper{\n  min-height:1px;\n}\n\n\n\n<\/style>\n\n<div id=\"uc_uc_slider_image_elementor_727f6ad-wrapper\">\n<div id=\"uc_uc_slider_image_elementor_727f6ad\" class=\"uc-items-wrapper\" style=\"display:none; margin:0 auto;\"  data-remote-type=\"gallery\" data-custom-sethtml=\"true\" >\n\n\n<img decoding=\"async\" alt=\"aac37b03-55a7-4375-8341-4ddcc60b8281\"\n   data-src=\"https:\/\/www.bleivevents.com\/wp-content\/uploads\/2024\/10\/aac37b03-55a7-4375-8341-4ddcc60b8281-2-768x824.jpg\"\n    data-image=\"https:\/\/www.bleivevents.com\/wp-content\/uploads\/2024\/10\/aac37b03-55a7-4375-8341-4ddcc60b8281-2-954x1024.jpg\"\n    data-title=\"aac37b03-55a7-4375-8341-4ddcc60b8281\" src=\"data:image\/gif;base64,R0lGODlhAQABAAAAACH5BAEKAAEALAAAAAABAAEAAAICTAEAOw==\" class=\"lazyload\" style=\"--smush-placeholder-width: 768px; --smush-placeholder-aspect-ratio: 768\/824;\">\n\n<img decoding=\"async\" alt=\"a507d19d-ed48-4b6d-872d-e10a2f1ebd25\"\n   data-src=\"https:\/\/www.bleivevents.com\/wp-content\/uploads\/2024\/10\/a507d19d-ed48-4b6d-872d-e10a2f1ebd25-2-768x767.jpg\"\n    data-image=\"https:\/\/www.bleivevents.com\/wp-content\/uploads\/2024\/10\/a507d19d-ed48-4b6d-872d-e10a2f1ebd25-2-1024x1024.jpg\"\n    data-title=\"a507d19d-ed48-4b6d-872d-e10a2f1ebd25\" src=\"data:image\/gif;base64,R0lGODlhAQABAAAAACH5BAEKAAEALAAAAAABAAEAAAICTAEAOw==\" class=\"lazyload\" style=\"--smush-placeholder-width: 768px; --smush-placeholder-aspect-ratio: 768\/767;\">\n\n  \n<\/div>\n<\/div>\n<!-- end Slider Gallery -->\t\t\t\t<\/div>\n\t\t\t\t<\/div>\n\t\t\t\t\t<\/div>\n\t\t\t\t<\/div>\n\t\t\t\t<\/div>","protected":false},"excerpt":{"rendered":"<p>VIP Management VIP Mangement Elevate your events with our personalized VIP management. Experience exclusive access, premium amenities, and unparalleled service. Make your guests feel like VIPs with our tailored event management services. From exclusive lounges to personalized concierge, we&#8217;ve got you covered. Book a Pro now<\/p>","protected":false},"author":1,"featured_media":0,"parent":0,"menu_order":0,"comment_status":"closed","ping_status":"closed","template":"","meta":{"footnotes":""},"class_list":["post-690","page","type-page","status-publish","hentry"],"_links":{"self":[{"href":"https:\/\/www.bleivevents.com\/fr\/wp-json\/wp\/v2\/pages\/690","targetHints":{"allow":["GET"]}}],"collection":[{"href":"https:\/\/www.bleivevents.com\/fr\/wp-json\/wp\/v2\/pages"}],"about":[{"href":"https:\/\/www.bleivevents.com\/fr\/wp-json\/wp\/v2\/types\/page"}],"author":[{"embeddable":true,"href":"https:\/\/www.bleivevents.com\/fr\/wp-json\/wp\/v2\/users\/1"}],"replies":[{"embeddable":true,"href":"https:\/\/www.bleivevents.com\/fr\/wp-json\/wp\/v2\/comments?post=690"}],"version-history":[{"count":0,"href":"https:\/\/www.bleivevents.com\/fr\/wp-json\/wp\/v2\/pages\/690\/revisions"}],"wp:attachment":[{"href":"https:\/\/www.bleivevents.com\/fr\/wp-json\/wp\/v2\/media?parent=690"}],"curies":[{"name":"wp","href":"https:\/\/api.w.org\/{rel}","templated":true}]}}