{"id":1306,"date":"2024-09-20T13:07:46","date_gmt":"2024-09-20T13:07:46","guid":{"rendered":"https:\/\/www.bleivevents.com\/barman\/"},"modified":"2024-11-10T02:01:36","modified_gmt":"2024-11-10T02:01:36","slug":"barman","status":"publish","type":"page","link":"https:\/\/www.bleivevents.com\/fr\/barman\/","title":{"rendered":"Barman"},"content":{"rendered":"<div data-elementor-type=\"wp-page\" data-elementor-id=\"1306\" class=\"elementor elementor-1306\" data-elementor-post-type=\"page\">\n\t\t\t\t<div class=\"elementor-element elementor-element-312abfab e-con-full e-flex e-con e-parent\" data-id=\"312abfab\" data-element_type=\"container\" data-e-type=\"container\" data-settings=\"{&quot;background_background&quot;:&quot;classic&quot;}\">\n\t\t<div class=\"elementor-element elementor-element-6ff15349 e-con-full e-flex e-con e-child\" data-id=\"6ff15349\" data-element_type=\"container\" data-e-type=\"container\">\n\t\t\t\t<div class=\"elementor-element elementor-element-6153457b elementor-widget-tablet__width-initial elementor-widget elementor-widget-image\" data-id=\"6153457b\" data-element_type=\"widget\" data-e-type=\"widget\" data-widget_type=\"image.default\">\n\t\t\t\t<div class=\"elementor-widget-container\">\n\t\t\t\t\t\t\t\t\t\t\t\t\t\t\t<img fetchpriority=\"high\" decoding=\"async\" width=\"1440\" height=\"976\" src=\"https:\/\/www.bleivevents.com\/wp-content\/uploads\/2024\/09\/291887449_2032916503562065_7429358539301811420_n.jpg\" class=\"attachment-full size-full wp-image-1089\" alt=\"\" srcset=\"https:\/\/www.bleivevents.com\/wp-content\/uploads\/2024\/09\/291887449_2032916503562065_7429358539301811420_n.jpg 1440w, https:\/\/www.bleivevents.com\/wp-content\/uploads\/2024\/09\/291887449_2032916503562065_7429358539301811420_n-300x203.jpg 300w, https:\/\/www.bleivevents.com\/wp-content\/uploads\/2024\/09\/291887449_2032916503562065_7429358539301811420_n-1024x694.jpg 1024w, https:\/\/www.bleivevents.com\/wp-content\/uploads\/2024\/09\/291887449_2032916503562065_7429358539301811420_n-768x521.jpg 768w\" sizes=\"(max-width: 1440px) 100vw, 1440px\" \/>\t\t\t\t\t\t\t\t\t\t\t\t\t\t\t<\/div>\n\t\t\t\t<\/div>\n\t\t\t\t<\/div>\n\t\t<div class=\"elementor-element elementor-element-496c2db1 e-con-full e-flex e-con e-child\" data-id=\"496c2db1\" data-element_type=\"container\" data-e-type=\"container\">\n\t\t\t\t<div class=\"elementor-element elementor-element-14295b55 elementor-widget elementor-widget-ucaddon_dual_color_heading\" data-id=\"14295b55\" data-element_type=\"widget\" data-e-type=\"widget\" data-widget_type=\"ucaddon_dual_color_heading.default\">\n\t\t\t\t<div class=\"elementor-widget-container\">\n\t\t\t\t\t\n<!-- start Dual Color Heading -->\n\n<div class=\"ue-dual-color-heading\">\n  <div>\n    <span class=\"ue-title-one\">SERVEURS<\/span> <span class=\"ue-title-two\">DE BAR<\/span>\n  <\/div>\n<\/div>\n<!-- end Dual Color Heading -->\t\t\t\t<\/div>\n\t\t\t\t<\/div>\n\t\t\t\t<\/div>\n\t\t\t\t<\/div>\n\t\t<div class=\"elementor-element elementor-element-6d10c1c e-flex e-con-boxed e-con e-parent\" data-id=\"6d10c1c\" data-element_type=\"container\" data-e-type=\"container\">\n\t\t\t\t\t<div class=\"e-con-inner\">\n\t\t\t\t\t<\/div>\n\t\t\t\t<\/div>\n\t\t<div class=\"elementor-element elementor-element-5cf09fa5 e-flex e-con-boxed e-con e-parent\" data-id=\"5cf09fa5\" data-element_type=\"container\" data-e-type=\"container\">\n\t\t\t\t\t<div class=\"e-con-inner\">\n\t\t<div class=\"elementor-element elementor-element-434b56b4 e-con-full e-flex e-con e-child\" data-id=\"434b56b4\" data-element_type=\"container\" data-e-type=\"container\">\n\t\t\t\t<div class=\"elementor-element elementor-element-4640077f elementor-widget elementor-widget-ucaddon_side_border_heading\" data-id=\"4640077f\" data-element_type=\"widget\" data-e-type=\"widget\" data-widget_type=\"ucaddon_side_border_heading.default\">\n\t\t\t\t<div class=\"elementor-widget-container\">\n\t\t\t\t\t\n<!-- start Side Line Heading -->\n<style>\/* widget: Side Line Heading *\/\n\n#uc_side_border_heading_elementor_4640077f\n{\n  display:flex;\n}\n\n#uc_side_border_heading_elementor_4640077f .side_border_heading_title\n{\n  color:black;\n}\n\n#uc_side_border_heading_elementor_4640077f .side_border_heading_subtitle\n{\n  line-height:1.5em;\n  color:gray;\n}\n#uc_side_border_heading_elementor_4640077f .side_border_heading_line_holder{\nflex-shrink: 0;\n}\n\n#uc_side_border_heading_elementor_4640077f .side_border_heading_line_spacer{\nflex-shrink: 0;\n}\n\n<\/style>\n\n<div id=\"uc_side_border_heading_elementor_4640077f\">\n  <div class=\"side_border_heading_line_holder\"><div class=\"side_border_heading_line\" style=\"background-color:#D3B574;\"><\/div><\/div>\n  <div class=\"side_border_heading_line_spacer\"><\/div>\n  <div>\n    <div class=\"side_border_heading_title\"><span  class=\"uc_style_side_border_heading_elementor_title\" style=\"color:#7CC051;\">Engagez votre serveur (se) de bar<\/span><\/div>\n    <div class=\"side_border_heading_subtitle\"><span  class=\"uc_style_side_border_heading_elementor_subtitle\" style=\"color:#22216B;\">Nos serveurs de bar qualifi\u00e9s sont des experts dans la cr\u00e9ation de d\u00e9licieux cocktails et le service\npersonnalis\u00e9. Que vous ayez besoin d\u2019un martini classique ou d\u2019une nouvelle cr\u00e9ation tendance, nos serveurs de bar vous offriront un service exceptionnel.<\/span><\/div>\n  <\/div>\n<\/div>\n<!-- end Side Line Heading -->\t\t\t\t<\/div>\n\t\t\t\t<\/div>\n\t\t\t\t<div class=\"elementor-element elementor-element-2ab5911 elementor-widget elementor-widget-ucaddon_neon_glowing_button_effect\" data-id=\"2ab5911\" data-element_type=\"widget\" data-e-type=\"widget\" data-widget_type=\"ucaddon_neon_glowing_button_effect.default\">\n\t\t\t\t<div class=\"elementor-widget-container\">\n\t\t\t\t\t\n<!-- start Neon Glowing Button Effect -->\n\t\t<link id='font-awesome-css' href='https:\/\/www.bleivevents.com\/wp-content\/plugins\/unlimited-elements-for-elementor-premium\/assets_libraries\/font-awesome6\/fontawesome-all.min.css' type='text\/css' rel='stylesheet' >\n\t\t<link id='font-awesome-4-shim-css' href='https:\/\/www.bleivevents.com\/wp-content\/plugins\/unlimited-elements-for-elementor-premium\/assets_libraries\/font-awesome6\/fontawesome-v4-shims.min.css' type='text\/css' rel='stylesheet' >\n\n<style>\/* widget: Neon Glowing Button Effect *\/\n\n#uc_neon_glowing_button_effect_elementor_2ab5911{\n  position: relative;\n  z-index:1;\n}\n#uc_neon_glowing_button_effect_elementor_2ab5911 *{\n    margin: 0;\n}\n#uc_neon_glowing_button_effect_elementor_2ab5911.ue_neon_btn_wrapper{\n  display: flex;\n  justify-content: center;\n  align-items: center;\n  gap:50px;\n}\n#uc_neon_glowing_button_effect_elementor_2ab5911 .ue_neon_btn {\n  display: flex;\n  flex-direction:row;\n  justify-content: center;\n  align-items: center;\n  position: relative;\n  border-radius: 0px;\n  overflow:visible;\n  transition: 0.5s;\n}\n\n#uc_neon_glowing_button_effect_elementor_2ab5911 .ue_neon_btn:after {\n  content: '';\n  position: absolute;\n  box-sizing:content-box;\n  border-radius: calc(0px + 5px);\n  width: 100%;\n  height: 100%;\n  translate: -50% -50%;\n  left: 50%;\n  top: 50%;\n  z-index: -1;\n  animation: rotateuc_neon_glowing_button_effect_elementor_2ab5911 2000ms linear infinite;\n  padding: 5px;\n  --angle: 0deg;\n  filter: ;\n  background: conic-gradient(from var(--angle) ,\n          #ff003700 50deg,\n      #7CC051 360deg\n          );\n  transition: all 0.5s;\n}\n\n\n\n@property --angle {\n  syntax: '<angle>';\n  initial-value: 0deg;\n  inherits: false;\n}\n@property --hueuc_neon_glowing_button_effect_elementor_2ab5911 {\n  syntax: '<angle>';\n  initial-value: 0deg;\n  inherits: false;\n}\n@keyframes rotateuc_neon_glowing_button_effect_elementor_2ab5911 {\n  0% {\n    --angle: 0deg;\n       }\n  50% { \n      }\n  100% { \n    --angle: 360deg;\n      }\n}\n\n#uc_neon_glowing_button_effect_elementor_2ab5911 .ue_neon_btn:hover:before,\n#uc_neon_glowing_button_effect_elementor_2ab5911 .ue_neon_btn:hover:after{\n  opacity:0;\n}\n\n#uc_neon_glowing_button_effect_elementor_2ab5911 .ue-btn svg\n{\n  height:1em;\n  width:1em;\n}\n\n<\/style>\n\n<div id=\"uc_neon_glowing_button_effect_elementor_2ab5911\" class=\"ue_neon_btn_wrapper elementor-animation-grow-rotate\">\n  <a href=\"https:\/\/www.bleivevents.com\/fr\/book\/\"  class=\"ue_neon_btn\">\n        R\u00e9servez un pro\n      <\/a>\n<\/div>\n<!-- end Neon Glowing Button Effect -->\t\t\t\t<\/div>\n\t\t\t\t<\/div>\n\t\t\t\t<\/div>\n\t\t\t\t\t<\/div>\n\t\t\t\t<\/div>\n\t\t<div class=\"elementor-element elementor-element-754a7b2e e-flex e-con-boxed e-con e-parent\" data-id=\"754a7b2e\" data-element_type=\"container\" data-e-type=\"container\">\n\t\t\t\t\t<div class=\"e-con-inner\">\n\t\t\t\t<div class=\"elementor-element elementor-element-4e703a1c elementor-widget elementor-widget-ucaddon_uc_slider_image\" data-id=\"4e703a1c\" data-element_type=\"widget\" data-e-type=\"widget\" data-widget_type=\"ucaddon_uc_slider_image.default\">\n\t\t\t\t<div class=\"elementor-widget-container\">\n\t\t\t\t\t\n<!-- start Slider Gallery -->\n\t\t<link id='unitegallery-css' href='https:\/\/www.bleivevents.com\/wp-content\/plugins\/unlimited-elements-for-elementor-premium\/assets_libraries\/unitegallery\/css\/unite-gallery.css' type='text\/css' rel='stylesheet' >\n\n<style>\/* widget: Slider Gallery *\/\n\n#uc_uc_slider_image_elementor_4e703a1c{\n  overflow:hidden;\n}\n\n#uc_uc_slider_image_elementor_4e703a1c-wrapper{\n  min-height:1px;\n}\n\n\n\n<\/style>\n\n<div id=\"uc_uc_slider_image_elementor_4e703a1c-wrapper\">\n<div id=\"uc_uc_slider_image_elementor_4e703a1c\" class=\"uc-items-wrapper\" style=\"display:none; margin:0 auto;\"  data-remote-type=\"gallery\" data-custom-sethtml=\"true\" >\n\n\n<img decoding=\"async\" alt=\"426728677_1156615932327884_7750876475684825149_n\"\n   data-src=\"https:\/\/www.bleivevents.com\/wp-content\/uploads\/2024\/09\/426728677_1156615932327884_7750876475684825149_n-768x768.jpg\"\n    data-image=\"https:\/\/www.bleivevents.com\/wp-content\/uploads\/2024\/09\/426728677_1156615932327884_7750876475684825149_n-1024x1024.jpg\"\n    data-title=\"426728677_1156615932327884_7750876475684825149_n\" src=\"data:image\/gif;base64,R0lGODlhAQABAAAAACH5BAEKAAEALAAAAAABAAEAAAICTAEAOw==\" class=\"lazyload\" style=\"--smush-placeholder-width: 768px; --smush-placeholder-aspect-ratio: 768\/768;\">\n\n<img decoding=\"async\" alt=\"365226176_1030402088282603_2588619082599954738_n\"\n   data-src=\"https:\/\/www.bleivevents.com\/wp-content\/uploads\/2024\/09\/365226176_1030402088282603_2588619082599954738_n-768x768.jpg\"\n    data-image=\"https:\/\/www.bleivevents.com\/wp-content\/uploads\/2024\/09\/365226176_1030402088282603_2588619082599954738_n-1024x1024.jpg\"\n    data-title=\"365226176_1030402088282603_2588619082599954738_n\" src=\"data:image\/gif;base64,R0lGODlhAQABAAAAACH5BAEKAAEALAAAAAABAAEAAAICTAEAOw==\" class=\"lazyload\" style=\"--smush-placeholder-width: 768px; --smush-placeholder-aspect-ratio: 768\/768;\">\n\n<img decoding=\"async\" alt=\"291887449_2032916503562065_7429358539301811420_n\"\n   data-src=\"https:\/\/www.bleivevents.com\/wp-content\/uploads\/2024\/09\/291887449_2032916503562065_7429358539301811420_n-768x521.jpg\"\n    data-image=\"https:\/\/www.bleivevents.com\/wp-content\/uploads\/2024\/09\/291887449_2032916503562065_7429358539301811420_n-1024x694.jpg\"\n    data-title=\"291887449_2032916503562065_7429358539301811420_n\" src=\"data:image\/gif;base64,R0lGODlhAQABAAAAACH5BAEKAAEALAAAAAABAAEAAAICTAEAOw==\" class=\"lazyload\" style=\"--smush-placeholder-width: 768px; --smush-placeholder-aspect-ratio: 768\/521;\">\n\n<img decoding=\"async\" alt=\"366922652_1038210097501802_6515057808307451691_n\"\n   data-src=\"https:\/\/www.bleivevents.com\/wp-content\/uploads\/2024\/09\/366922652_1038210097501802_6515057808307451691_n.jpg\"\n    data-image=\"https:\/\/www.bleivevents.com\/wp-content\/uploads\/2024\/09\/366922652_1038210097501802_6515057808307451691_n.jpg\"\n    data-title=\"366922652_1038210097501802_6515057808307451691_n\" src=\"data:image\/gif;base64,R0lGODlhAQABAAAAACH5BAEKAAEALAAAAAABAAEAAAICTAEAOw==\" class=\"lazyload\" style=\"--smush-placeholder-width: 768px; --smush-placeholder-aspect-ratio: 768\/960;\">\n\n<img decoding=\"async\" alt=\"353643936_1004994564156689_2123848863946564646_n\"\n   data-src=\"https:\/\/www.bleivevents.com\/wp-content\/uploads\/2024\/09\/353643936_1004994564156689_2123848863946564646_n-768x768.jpg\"\n    data-image=\"https:\/\/www.bleivevents.com\/wp-content\/uploads\/2024\/09\/353643936_1004994564156689_2123848863946564646_n.jpg\"\n    data-title=\"353643936_1004994564156689_2123848863946564646_n\" src=\"data:image\/gif;base64,R0lGODlhAQABAAAAACH5BAEKAAEALAAAAAABAAEAAAICTAEAOw==\" class=\"lazyload\" style=\"--smush-placeholder-width: 768px; --smush-placeholder-aspect-ratio: 768\/768;\">\n\n  \n<\/div>\n<\/div>\n<!-- end Slider Gallery -->\t\t\t\t<\/div>\n\t\t\t\t<\/div>\n\t\t\t\t\t<\/div>\n\t\t\t\t<\/div>\n\t\t\t\t<\/div>","protected":false},"excerpt":{"rendered":"<p>Bar Man Hire your bartender Our skilled bartenders are experts in crafting tasty cocktails and providing personalized service. Whether you need a classic martini or a trendy new creation, our bartenders will offer you exceptional service. Book a Pro<\/p>","protected":false},"author":1,"featured_media":0,"parent":0,"menu_order":0,"comment_status":"closed","ping_status":"closed","template":"","meta":{"footnotes":""},"class_list":["post-1306","page","type-page","status-publish","hentry"],"_links":{"self":[{"href":"https:\/\/www.bleivevents.com\/fr\/wp-json\/wp\/v2\/pages\/1306","targetHints":{"allow":["GET"]}}],"collection":[{"href":"https:\/\/www.bleivevents.com\/fr\/wp-json\/wp\/v2\/pages"}],"about":[{"href":"https:\/\/www.bleivevents.com\/fr\/wp-json\/wp\/v2\/types\/page"}],"author":[{"embeddable":true,"href":"https:\/\/www.bleivevents.com\/fr\/wp-json\/wp\/v2\/users\/1"}],"replies":[{"embeddable":true,"href":"https:\/\/www.bleivevents.com\/fr\/wp-json\/wp\/v2\/comments?post=1306"}],"version-history":[{"count":0,"href":"https:\/\/www.bleivevents.com\/fr\/wp-json\/wp\/v2\/pages\/1306\/revisions"}],"wp:attachment":[{"href":"https:\/\/www.bleivevents.com\/fr\/wp-json\/wp\/v2\/media?parent=1306"}],"curies":[{"name":"wp","href":"https:\/\/api.w.org\/{rel}","templated":true}]}}